{"id":13457,"date":"2025-09-24T05:26:57","date_gmt":"2025-09-24T05:26:57","guid":{"rendered":"https:\/\/santralclinic.com\/?page_id=13150"},"modified":"2025-11-26T16:20:23","modified_gmt":"2025-11-26T16:20:23","slug":"dt-cevher-elif-ozturk","status":"publish","type":"page","link":"https:\/\/santralclinic.com\/en\/our-doctors\/dt-cevher-elif-ozturk\/","title":{"rendered":"DT. Cevher Elif Ozturk"},"content":{"rendered":"<div data-elementor-type=\"wp-page\" data-elementor-id=\"13457\" class=\"elementor elementor-13457\" data-elementor-post-type=\"page\">\n\t\t\t\t<div class=\"elementor-element elementor-element-b344519 e-flex e-con-boxed e-con e-parent\" data-id=\"b344519\" data-element_type=\"container\">\n\t\t\t\t\t<div class=\"e-con-inner\">\n\t\t<div class=\"elementor-element elementor-element-5de4197 e-con-full e-flex e-con e-child\" data-id=\"5de4197\" data-element_type=\"container\">\n\t\t<div class=\"elementor-element elementor-element-dea2a0f e-con-full sticky-column e-flex e-con e-child\" data-id=\"dea2a0f\" data-element_type=\"container\">\n\t\t<div class=\"elementor-element elementor-element-4b2de4c e-con-full e-flex elementor-invisible e-con e-child\" data-id=\"4b2de4c\" data-element_type=\"container\" data-settings=\"{&quot;background_background&quot;:&quot;classic&quot;,&quot;animation&quot;:&quot;fadeInUp&quot;}\">\n\t\t\t\t<div class=\"elementor-element elementor-element-6be819a elementor-widget__width-initial team-single-image at-image-animation at-animation-image-none elementor-widget elementor-widget-image\" data-id=\"6be819a\" data-element_type=\"widget\" data-settings=\"{&quot;ekit_we_effect_on&quot;:&quot;none&quot;}\" data-widget_type=\"image.default\">\n\t\t\t\t\t\t\t\t\t\t\t\t\t\t\t<img fetchpriority=\"high\" decoding=\"async\" width=\"1760\" height=\"2432\" src=\"https:\/\/santralclinic.com\/wp-content\/uploads\/2025\/11\/4205343a-7178-4eca-b7a8-bb0c38482fb1.png\" class=\"attachment-full size-full wp-image-13098\" alt=\"\" srcset=\"https:\/\/santralclinic.com\/wp-content\/uploads\/2025\/11\/4205343a-7178-4eca-b7a8-bb0c38482fb1.png 1760w, https:\/\/santralclinic.com\/wp-content\/uploads\/2025\/11\/4205343a-7178-4eca-b7a8-bb0c38482fb1-217x300.png 217w, https:\/\/santralclinic.com\/wp-content\/uploads\/2025\/11\/4205343a-7178-4eca-b7a8-bb0c38482fb1-741x1024.png 741w, https:\/\/santralclinic.com\/wp-content\/uploads\/2025\/11\/4205343a-7178-4eca-b7a8-bb0c38482fb1-768x1061.png 768w, https:\/\/santralclinic.com\/wp-content\/uploads\/2025\/11\/4205343a-7178-4eca-b7a8-bb0c38482fb1-1112x1536.png 1112w\" sizes=\"(max-width: 1760px) 100vw, 1760px\" \/>\t\t\t\t\t\t\t\t\t\t\t\t\t\t\t<\/div>\n\t\t\t\t<\/div>\n\t\t<div class=\"elementor-element elementor-element-bc05482 e-con-full e-flex elementor-invisible e-con e-child\" data-id=\"bc05482\" data-element_type=\"container\" data-settings=\"{&quot;background_background&quot;:&quot;classic&quot;,&quot;animation&quot;:&quot;fadeInUp&quot;,&quot;animation_delay&quot;:100}\">\n\t\t\t\t<div class=\"elementor-element elementor-element-ee22898 at-heading-animation at-animation-heading-none elementor-widget elementor-widget-heading\" data-id=\"ee22898\" data-element_type=\"widget\" data-settings=\"{&quot;ekit_we_effect_on&quot;:&quot;none&quot;}\" data-widget_type=\"heading.default\">\n\t\t\t\t\t<h3 class=\"elementor-heading-title elementor-size-default\">Education &amp; Experience<\/h3>\t\t\t\t<\/div>\n\t\t\t\t<div class=\"elementor-element elementor-element-5e09d41 sidebar-cta-list elementor-icon-list--layout-traditional elementor-list-item-link-full_width elementor-widget elementor-widget-icon-list\" data-id=\"5e09d41\" data-element_type=\"widget\" data-settings=\"{&quot;ekit_we_effect_on&quot;:&quot;none&quot;}\" data-widget_type=\"icon-list.default\">\n\t\t\t\t\t\t\t<ul class=\"elementor-icon-list-items\">\n\t\t\t\t\t\t\t<li class=\"elementor-icon-list-item\">\n\t\t\t\t\t\t\t\t\t\t\t<span class=\"elementor-icon-list-icon\">\n\t\t\t\t\t\t\t<svg xmlns=\"http:\/\/www.w3.org\/2000\/svg\" width=\"20\" height=\"20\" viewbox=\"0 0 20 20\" fill=\"currentColor\"><path d=\"M9.6084 3.9281C9.60817 2.56732 8.50442 1.46423 7.14356 1.46423C5.7829 1.46446 4.67992 2.56744 4.67969 3.9281C4.67969 5.28895 5.78276 6.39272 7.14356 6.39294C8.50456 6.39294 9.6084 5.28907 9.6084 3.9281ZM11.1084 3.9281C11.1084 6.11753 9.33295 7.89294 7.14356 7.89294C4.95433 7.89272 3.17969 6.11738 3.17969 3.9281C3.17992 1.73902 4.95447 -0.0355439 7.14356 -0.0357671C9.33282 -0.0357671 11.1082 1.73887 11.1084 3.9281Z\"><\/path><path d=\"M6.81738 8.59643C8.03164 8.53898 9.24114 8.79046 10.332 9.3269C10.7034 9.50979 10.8565 9.95926 10.6738 10.3308C10.4911 10.7025 10.0416 10.8553 9.66992 10.6726C8.80646 10.248 7.84878 10.05 6.8877 10.0955C5.92677 10.141 4.99313 10.4291 4.17383 10.9333C3.35444 11.4376 2.67586 12.1409 2.20215 12.9783C1.72842 13.8157 1.47489 14.7603 1.46484 15.7224V17.1072H5.00098C5.415 17.1074 5.75098 17.4431 5.75098 17.8572C5.75093 18.2712 5.41497 18.607 5.00098 18.6072H0.714844C0.300656 18.6072 -0.0351145 18.2714 -0.0351562 17.8572V15.7068L-0.015625 15.2517C0.0624391 14.1947 0.372795 13.1658 0.896484 12.24C1.49503 11.1819 2.35239 10.2931 3.3877 9.656C4.42306 9.01883 5.60306 8.65393 6.81738 8.59643Z\"><\/path><path d=\"M16.6582 8.76428C16.8571 8.7642 17.0478 8.84337 17.1885 8.98401L19.8174 11.6129C19.9579 11.7536 20.0371 11.9443 20.0371 12.1432C20.037 12.342 19.958 12.5329 19.8174 12.6735L13.0889 19.402C12.973 19.5178 12.8224 19.5927 12.6602 19.6149L9.61718 20.0289C9.38452 20.0606 9.1501 19.9814 8.98437 19.8151C8.81865 19.6486 8.7407 19.4139 8.77343 19.1813L9.20117 16.1383L9.22851 16.0201C9.26432 15.9051 9.32718 15.7997 9.41308 15.7135L16.1279 8.98498L16.2422 8.89026C16.3644 8.80872 16.5091 8.76436 16.6582 8.76428ZM10.6504 16.5963L10.3955 18.4088L12.207 18.1617L18.2266 12.1432L16.6582 10.5748L10.6504 16.5963Z\"><\/path><\/svg>\t\t\t\t\t\t<\/span>\n\t\t\t\t\t\t\t\t\t\t<span class=\"elementor-icon-list-text\"><strong>Education:<\/strong> Dentistry<\/span>\n\t\t\t\t\t\t\t\t\t<\/li>\n\t\t\t\t\t\t\t\t<li class=\"elementor-icon-list-item\">\n\t\t\t\t\t\t\t\t\t\t\t<span class=\"elementor-icon-list-icon\">\n\t\t\t\t\t\t\t<svg xmlns=\"http:\/\/www.w3.org\/2000\/svg\" width=\"20\" height=\"20\" viewbox=\"0 0 20 20\" fill=\"currentColor\"><path d=\"M15.4941 7.14294C15.4941 4.00681 12.9516 1.46431 9.81543 1.46423C6.67924 1.46423 4.13672 4.00676 4.13672 7.14294C4.1368 10.2791 6.6793 12.8217 9.81543 12.8217C12.9515 12.8216 15.4941 10.279 15.4941 7.14294ZM16.9941 7.14294C16.9941 11.1074 13.7799 14.3216 9.81543 14.3217C5.85086 14.3217 2.6368 11.1075 2.63672 7.14294C2.63672 3.17833 5.85082 -0.0357666 9.81543 -0.0357666C13.78 -0.0356908 16.9941 3.17837 16.9941 7.14294Z\"><\/path><path d=\"M11.9209 7.14306C11.9209 5.9794 10.978 5.03579 9.81445 5.03564C8.65072 5.03564 7.70703 5.97931 7.70703 7.14306C7.70718 8.30667 8.65081 9.2495 9.81445 9.2495C10.9779 9.24935 11.9208 8.30658 11.9209 7.14306ZM13.4209 7.14306C13.4208 9.135 11.8064 10.7494 9.81445 10.7495C7.82238 10.7495 6.20718 9.1351 6.20703 7.14306C6.20703 5.15089 7.82229 3.53564 9.81445 3.53564C11.8065 3.53579 13.4209 5.15098 13.4209 7.14306Z\"><\/path><path d=\"M4.41309 10.9607C4.67148 10.637 5.14403 10.5842 5.46777 10.8426C5.79107 11.101 5.84403 11.5727 5.58594 11.8963L1.92969 16.4744L6.59668 18.5135L7.84082 13.283C7.9368 12.8803 8.34137 12.6317 8.74414 12.7273C9.14711 12.8232 9.39662 13.2277 9.30078 13.6306L8.04297 18.9168L8.04199 18.9236C7.99149 19.1272 7.89743 19.3174 7.76758 19.4822C7.63758 19.6472 7.47434 19.7829 7.28809 19.8797C7.27275 19.8876 7.25706 19.8952 7.24121 19.9021C7.0499 19.9852 6.84313 20.0281 6.63477 20.0281C6.42654 20.0281 6.22046 19.9851 6.0293 19.9021L6.02734 19.9012L1.28516 17.8299C1.27836 17.8269 1.27135 17.8242 1.26465 17.8211C1.06335 17.7258 0.885297 17.5859 0.745118 17.4119C0.604949 17.2379 0.506234 17.0336 0.456055 16.8162C0.405898 16.5987 0.405397 16.3726 0.455079 16.1551C0.504743 15.9375 0.60328 15.7338 0.743165 15.5594L4.41309 10.9607Z\"><\/path><path d=\"M14.3809 10.5673C14.7064 10.3116 15.1777 10.3679 15.4336 10.6932L19.2617 15.5653H19.2608C19.3638 15.6912 19.4449 15.8324 19.5 15.9842L19.5488 16.1483L19.5498 16.1493C19.5993 16.3628 19.5968 16.5847 19.5469 16.7987L19.5488 16.7997C19.5476 16.8053 19.5452 16.8107 19.544 16.8163C19.543 16.8201 19.543 16.8242 19.542 16.828L19.541 16.827C19.4914 17.0391 19.3967 17.2378 19.2608 17.4081L19.2598 17.4091C19.1174 17.5868 18.936 17.729 18.7295 17.8241L18.7168 17.83V17.829L14.0029 19.9012L14.002 19.8993C13.8131 19.9834 13.609 20.0291 13.4014 20.0292C13.1911 20.0292 12.983 19.9836 12.792 19.8973C12.7878 19.8954 12.7835 19.8935 12.7793 19.8915C12.5836 19.7985 12.4118 19.6635 12.2754 19.4969C12.1386 19.3297 12.0407 19.1339 11.9883 18.9247L11.9863 18.9178L10.7002 13.5604C10.6038 13.1578 10.8522 12.7528 11.2549 12.6561C11.6576 12.5596 12.0625 12.8081 12.1592 13.2108L13.4307 18.5126L18.0693 16.4745L14.2539 11.621C13.998 11.2953 14.0552 10.8232 14.3809 10.5673Z\"><\/path><\/svg>\t\t\t\t\t\t<\/span>\n\t\t\t\t\t\t\t\t\t\t<span class=\"elementor-icon-list-text\"><strong>Expertise:<\/strong> Dentistry<\/span>\n\t\t\t\t\t\t\t\t\t<\/li>\n\t\t\t\t\t\t<\/ul>\n\t\t\t\t\t\t<\/div>\n\t\t\t\t<\/div>\n\t\t\t\t<\/div>\n\t\t\t\t<\/div>\n\t\t<div class=\"elementor-element elementor-element-e938f2d e-con-full e-flex e-con e-child\" data-id=\"e938f2d\" data-element_type=\"container\">\n\t\t<div class=\"elementor-element elementor-element-2d2e10e e-con-full e-flex e-con e-child\" data-id=\"2d2e10e\" data-element_type=\"container\">\n\t\t\t\t<div class=\"elementor-element elementor-element-463401e at-heading-animation at-animation-heading-style-3 elementor-widget elementor-widget-heading\" data-id=\"463401e\" data-element_type=\"widget\" data-settings=\"{&quot;ekit_we_effect_on&quot;:&quot;none&quot;}\" data-widget_type=\"heading.default\">\n\t\t\t\t\t<h2 class=\"elementor-heading-title elementor-size-default\">DT. Cevher Elif Ozturk<\/h2>\t\t\t\t<\/div>\n\t\t\t\t<div class=\"elementor-element elementor-element-5847766 elementor-invisible elementor-widget elementor-widget-text-editor\" data-id=\"5847766\" data-element_type=\"widget\" data-settings=\"{&quot;_animation&quot;:&quot;fadeInUp&quot;,&quot;ekit_we_effect_on&quot;:&quot;none&quot;}\" data-widget_type=\"text-editor.default\">\n\t\t\t\t\t\t\t\t\t<p>Dentist Cevher Elif \u00d6zt\u00fcrk was born in Istanbul in 1996. She completed her primary education at Medeniyet Schools and her high school education at Private \u00c7\u0131nar Anatolian High School. With both her father and older sister being dentists, \u00d6zt\u00fcrk turned to dentistry at an early age.<br>She successfully graduated from Istanbul Biruni University Faculty of Dentistry in 2020. After working in Istanbul for two years, she married Dentist Emre \u00d6zt\u00fcrk and moved to Bursa, where she has been welcoming patients to her own clinic for four years.<br>He practices procedures in every branch of dentistry, has often focused on smile design, and continues to equip himself with knowledge through up-to-date training in this field.<\/p>\t\t\t\t\t\t\t\t<\/div>\n\t\t\t\t<\/div>\n\t\t\t\t<\/div>\n\t\t\t\t\t<\/div>\n\t\t\t\t<\/div>\n\t\t\t\t<\/div>","protected":false},"excerpt":{"rendered":"<p>Education &amp; Experience Education: Dentistry Expertise: Dentistry DT. Cevher Elif Ozturk Dentist [&hellip;]<\/p>","protected":false},"author":1,"featured_media":0,"parent":13235,"menu_order":0,"comment_status":"closed","ping_status":"closed","template":"elementor_header_footer","meta":{"inline_featured_image":false,"footnotes":""},"class_list":["post-13457","page","type-page","status-publish","hentry"],"_links":{"self":[{"href":"https:\/\/santralclinic.com\/en\/wp-json\/wp\/v2\/pages\/13457","targetHints":{"allow":["GET"]}}],"collection":[{"href":"https:\/\/santralclinic.com\/en\/wp-json\/wp\/v2\/pages"}],"about":[{"href":"https:\/\/santralclinic.com\/en\/wp-json\/wp\/v2\/types\/page"}],"author":[{"embeddable":true,"href":"https:\/\/santralclinic.com\/en\/wp-json\/wp\/v2\/users\/1"}],"replies":[{"embeddable":true,"href":"https:\/\/santralclinic.com\/en\/wp-json\/wp\/v2\/comments?post=13457"}],"version-history":[{"count":1,"href":"https:\/\/santralclinic.com\/en\/wp-json\/wp\/v2\/pages\/13457\/revisions"}],"predecessor-version":[{"id":13458,"href":"https:\/\/santralclinic.com\/en\/wp-json\/wp\/v2\/pages\/13457\/revisions\/13458"}],"up":[{"embeddable":true,"href":"https:\/\/santralclinic.com\/en\/wp-json\/wp\/v2\/pages\/13235"}],"wp:attachment":[{"href":"https:\/\/santralclinic.com\/en\/wp-json\/wp\/v2\/media?parent=13457"}],"curies":[{"name":"wp","href":"https:\/\/api.w.org\/{rel}","templated":true}]}}