{"id":13295,"date":"2025-09-24T05:15:37","date_gmt":"2025-09-24T05:15:37","guid":{"rendered":"https:\/\/santralclinic.com\/?page_id=12902"},"modified":"2025-11-26T16:15:31","modified_gmt":"2025-11-26T16:15:31","slug":"childs-teeth","status":"publish","type":"page","link":"https:\/\/santralclinic.com\/en\/treatments\/childs-teeth\/","title":{"rendered":"Child&#8217;s Teeth"},"content":{"rendered":"<div data-elementor-type=\"wp-page\" data-elementor-id=\"13295\" class=\"elementor elementor-13295\" data-elementor-post-type=\"page\">\n\t\t\t\t<div class=\"elementor-element elementor-element-bba4543 e-flex e-con-boxed e-con e-parent\" data-id=\"bba4543\" data-element_type=\"container\">\n\t\t\t\t\t<div class=\"e-con-inner\">\n\t\t<div class=\"elementor-element elementor-element-add6874 page-header-section e-flex e-con-boxed e-con e-child\" data-id=\"add6874\" data-element_type=\"container\" data-settings=\"{&quot;background_background&quot;:&quot;classic&quot;}\">\n\t\t\t\t\t<div class=\"e-con-inner\">\n\t\t<div class=\"elementor-element elementor-element-726f60f e-con-full e-flex e-con e-child\" data-id=\"726f60f\" data-element_type=\"container\">\n\t\t\t\t<div class=\"elementor-element elementor-element-0f99adb at-heading-animation at-animation-heading-style-3 elementor-widget elementor-widget-heading\" data-id=\"0f99adb\" data-element_type=\"widget\" data-settings=\"{&quot;ekit_we_effect_on&quot;:&quot;none&quot;}\" data-widget_type=\"heading.default\">\n\t\t\t\t\t<h1 class=\"elementor-heading-title elementor-size-default\">Pediatric Dentistry (Pedodontics)<\/h1>\t\t\t\t<\/div>\n\t\t\t\t<\/div>\n\t\t\t\t\t<\/div>\n\t\t\t\t<\/div>\n\t\t\t\t\t<\/div>\n\t\t\t\t<\/div>\n\t\t<div class=\"elementor-element elementor-element-e870d51 e-flex e-con-boxed e-con e-parent\" data-id=\"e870d51\" data-element_type=\"container\">\n\t\t\t\t\t<div class=\"e-con-inner\">\n\t\t<div class=\"elementor-element elementor-element-7d22810 e-con-full e-flex e-con e-child\" data-id=\"7d22810\" data-element_type=\"container\">\n\t\t<div class=\"elementor-element elementor-element-57bcc08 e-con-full sticky-column e-flex e-con e-child\" data-id=\"57bcc08\" data-element_type=\"container\">\n\t\t<div class=\"elementor-element elementor-element-e2c5f9b e-con-full e-flex elementor-invisible e-con e-child\" data-id=\"e2c5f9b\" data-element_type=\"container\" data-settings=\"{&quot;animation&quot;:&quot;fadeInUp&quot;}\">\n\t\t\t\t<div class=\"elementor-element elementor-element-59e6af8 elementor-widget elementor-widget-denture-elementor-template\" data-id=\"59e6af8\" data-element_type=\"widget\" data-settings=\"{&quot;ekit_we_effect_on&quot;:&quot;none&quot;}\" data-widget_type=\"denture-elementor-template.default\">\n\t\t\t\t<div class=\"elementor-widget-container\">\n\t\t\t\t\t\t\t<div class=\"elementor-template\">\n\t\t\t\t\t<div data-elementor-type=\"section\" data-elementor-id=\"5758\" class=\"elementor elementor-5758\" data-elementor-post-type=\"elementor_library\">\n\t\t\t<div class=\"elementor-element elementor-element-af238dd e-con-full e-flex e-con e-child\" data-id=\"af238dd\" data-element_type=\"container\" data-settings=\"{&quot;background_background&quot;:&quot;classic&quot;}\">\n\t\t\t\t<div class=\"elementor-element elementor-element-851787d at-heading-animation at-animation-heading-none elementor-widget elementor-widget-heading\" data-id=\"851787d\" data-element_type=\"widget\" data-settings=\"{&quot;ekit_we_effect_on&quot;:&quot;none&quot;}\" data-widget_type=\"heading.default\">\n\t\t\t\t\t<h3 class=\"elementor-heading-title elementor-size-default\">Di\u011fer Tedavilerimiz<\/h3>\t\t\t\t<\/div>\n\t\t\t\t<div class=\"elementor-element elementor-element-f42ff3b page-category-list elementor-icon-list--layout-traditional elementor-list-item-link-full_width elementor-widget elementor-widget-icon-list\" data-id=\"f42ff3b\" data-element_type=\"widget\" data-settings=\"{&quot;ekit_we_effect_on&quot;:&quot;none&quot;}\" data-widget_type=\"icon-list.default\">\n\t\t\t\t\t\t\t<ul class=\"elementor-icon-list-items\">\n\t\t\t\t\t\t\t<li class=\"elementor-icon-list-item\">\n\t\t\t\t\t\t\t\t\t\t\t<a href=\"https:\/\/santralclinic.com\/en\/tedaviler\/gulus-tasarimi\/\">\n\n\t\t\t\t\t\t\t\t\t\t\t\t<span class=\"elementor-icon-list-icon\">\n\t\t\t\t\t\t\t<svg xmlns=\"http:\/\/www.w3.org\/2000\/svg\" width=\"20\" height=\"20\" viewbox=\"0 0 20 20\" fill=\"currentColor\"><path fill-rule=\"evenodd\" clip-rule=\"evenodd\" d=\"M16.1996 9.16687C14.2492 9.16687 12.4716 7.31603 12.4716 5.28353V4.4502H10.8716V5.28353C10.8716 6.76186 11.494 8.14853 12.4708 9.16687H2.59961V10.8335H12.4708C11.494 11.8519 10.8716 13.2385 10.8716 14.7169V15.5502H12.4716V14.7169C12.4716 12.6844 14.2492 10.8335 16.1996 10.8335H16.9996V9.16687H16.1996Z\"><\/path><\/svg>\t\t\t\t\t\t<\/span>\n\t\t\t\t\t\t\t\t\t\t<span class=\"elementor-icon-list-text\">G\u00fcl\u00fc\u015f Tasar\u0131m\u0131<\/span>\n\t\t\t\t\t\t\t\t\t\t\t<\/a>\n\t\t\t\t\t\t\t\t\t<\/li>\n\t\t\t\t\t\t\t\t<li class=\"elementor-icon-list-item\">\n\t\t\t\t\t\t\t\t\t\t\t<a href=\"https:\/\/santralclinic.com\/en\/tedaviler\/porselen-lamina-dis\/\">\n\n\t\t\t\t\t\t\t\t\t\t\t\t<span class=\"elementor-icon-list-icon\">\n\t\t\t\t\t\t\t<svg xmlns=\"http:\/\/www.w3.org\/2000\/svg\" width=\"20\" height=\"20\" viewbox=\"0 0 20 20\" fill=\"currentColor\"><path fill-rule=\"evenodd\" clip-rule=\"evenodd\" d=\"M16.1996 9.16687C14.2492 9.16687 12.4716 7.31603 12.4716 5.28353V4.4502H10.8716V5.28353C10.8716 6.76186 11.494 8.14853 12.4708 9.16687H2.59961V10.8335H12.4708C11.494 11.8519 10.8716 13.2385 10.8716 14.7169V15.5502H12.4716V14.7169C12.4716 12.6844 14.2492 10.8335 16.1996 10.8335H16.9996V9.16687H16.1996Z\"><\/path><\/svg>\t\t\t\t\t\t<\/span>\n\t\t\t\t\t\t\t\t\t\t<span class=\"elementor-icon-list-text\">Porselen Lamina Di\u015f<\/span>\n\t\t\t\t\t\t\t\t\t\t\t<\/a>\n\t\t\t\t\t\t\t\t\t<\/li>\n\t\t\t\t\t\t\t\t<li class=\"elementor-icon-list-item\">\n\t\t\t\t\t\t\t\t\t\t\t<a href=\"https:\/\/santralclinic.com\/en\/tedaviler\/cocuk-dis\/\">\n\n\t\t\t\t\t\t\t\t\t\t\t\t<span class=\"elementor-icon-list-icon\">\n\t\t\t\t\t\t\t<svg xmlns=\"http:\/\/www.w3.org\/2000\/svg\" width=\"20\" height=\"20\" viewbox=\"0 0 20 20\" fill=\"currentColor\"><path fill-rule=\"evenodd\" clip-rule=\"evenodd\" d=\"M16.1996 9.16687C14.2492 9.16687 12.4716 7.31603 12.4716 5.28353V4.4502H10.8716V5.28353C10.8716 6.76186 11.494 8.14853 12.4708 9.16687H2.59961V10.8335H12.4708C11.494 11.8519 10.8716 13.2385 10.8716 14.7169V15.5502H12.4716V14.7169C12.4716 12.6844 14.2492 10.8335 16.1996 10.8335H16.9996V9.16687H16.1996Z\"><\/path><\/svg>\t\t\t\t\t\t<\/span>\n\t\t\t\t\t\t\t\t\t\t<span class=\"elementor-icon-list-text\">\u00c7ocuk Di\u015f<\/span>\n\t\t\t\t\t\t\t\t\t\t\t<\/a>\n\t\t\t\t\t\t\t\t\t<\/li>\n\t\t\t\t\t\t\t\t<li class=\"elementor-icon-list-item\">\n\t\t\t\t\t\t\t\t\t\t\t<a href=\"https:\/\/santralclinic.com\/en\/tedaviler\/kanal-tedavisi-3\/\">\n\n\t\t\t\t\t\t\t\t\t\t\t\t<span class=\"elementor-icon-list-icon\">\n\t\t\t\t\t\t\t<svg xmlns=\"http:\/\/www.w3.org\/2000\/svg\" width=\"20\" height=\"20\" viewbox=\"0 0 20 20\" fill=\"currentColor\"><path fill-rule=\"evenodd\" clip-rule=\"evenodd\" d=\"M16.1996 9.16687C14.2492 9.16687 12.4716 7.31603 12.4716 5.28353V4.4502H10.8716V5.28353C10.8716 6.76186 11.494 8.14853 12.4708 9.16687H2.59961V10.8335H12.4708C11.494 11.8519 10.8716 13.2385 10.8716 14.7169V15.5502H12.4716V14.7169C12.4716 12.6844 14.2492 10.8335 16.1996 10.8335H16.9996V9.16687H16.1996Z\"><\/path><\/svg>\t\t\t\t\t\t<\/span>\n\t\t\t\t\t\t\t\t\t\t<span class=\"elementor-icon-list-text\">Kanal Tedavisi<\/span>\n\t\t\t\t\t\t\t\t\t\t\t<\/a>\n\t\t\t\t\t\t\t\t\t<\/li>\n\t\t\t\t\t\t\t\t<li class=\"elementor-icon-list-item\">\n\t\t\t\t\t\t\t\t\t\t\t<a href=\"https:\/\/santralclinic.com\/en\/tedaviler\/eklem-tedavisi\/\">\n\n\t\t\t\t\t\t\t\t\t\t\t\t<span class=\"elementor-icon-list-icon\">\n\t\t\t\t\t\t\t<svg xmlns=\"http:\/\/www.w3.org\/2000\/svg\" width=\"20\" height=\"20\" viewbox=\"0 0 20 20\" fill=\"currentColor\"><path fill-rule=\"evenodd\" clip-rule=\"evenodd\" d=\"M16.1996 9.16687C14.2492 9.16687 12.4716 7.31603 12.4716 5.28353V4.4502H10.8716V5.28353C10.8716 6.76186 11.494 8.14853 12.4708 9.16687H2.59961V10.8335H12.4708C11.494 11.8519 10.8716 13.2385 10.8716 14.7169V15.5502H12.4716V14.7169C12.4716 12.6844 14.2492 10.8335 16.1996 10.8335H16.9996V9.16687H16.1996Z\"><\/path><\/svg>\t\t\t\t\t\t<\/span>\n\t\t\t\t\t\t\t\t\t\t<span class=\"elementor-icon-list-text\">Eklem Tedavisi<\/span>\n\t\t\t\t\t\t\t\t\t\t\t<\/a>\n\t\t\t\t\t\t\t\t\t<\/li>\n\t\t\t\t\t\t\t\t<li class=\"elementor-icon-list-item\">\n\t\t\t\t\t\t\t\t\t\t\t<a href=\"https:\/\/santralclinic.com\/en\/tedaviler\/masseter-botoks\/\">\n\n\t\t\t\t\t\t\t\t\t\t\t\t<span class=\"elementor-icon-list-icon\">\n\t\t\t\t\t\t\t<svg xmlns=\"http:\/\/www.w3.org\/2000\/svg\" width=\"20\" height=\"20\" viewbox=\"0 0 20 20\" fill=\"currentColor\"><path fill-rule=\"evenodd\" clip-rule=\"evenodd\" d=\"M16.1996 9.16687C14.2492 9.16687 12.4716 7.31603 12.4716 5.28353V4.4502H10.8716V5.28353C10.8716 6.76186 11.494 8.14853 12.4708 9.16687H2.59961V10.8335H12.4708C11.494 11.8519 10.8716 13.2385 10.8716 14.7169V15.5502H12.4716V14.7169C12.4716 12.6844 14.2492 10.8335 16.1996 10.8335H16.9996V9.16687H16.1996Z\"><\/path><\/svg>\t\t\t\t\t\t<\/span>\n\t\t\t\t\t\t\t\t\t\t<span class=\"elementor-icon-list-text\">Masseter Botoks<\/span>\n\t\t\t\t\t\t\t\t\t\t\t<\/a>\n\t\t\t\t\t\t\t\t\t<\/li>\n\t\t\t\t\t\t\t\t<li class=\"elementor-icon-list-item\">\n\t\t\t\t\t\t\t\t\t\t\t<a href=\"https:\/\/santralclinic.com\/en\/tedaviler\/pembe-estetik\/\">\n\n\t\t\t\t\t\t\t\t\t\t\t\t<span class=\"elementor-icon-list-icon\">\n\t\t\t\t\t\t\t<svg xmlns=\"http:\/\/www.w3.org\/2000\/svg\" width=\"20\" height=\"20\" viewbox=\"0 0 20 20\" fill=\"currentColor\"><path fill-rule=\"evenodd\" clip-rule=\"evenodd\" d=\"M16.1996 9.16687C14.2492 9.16687 12.4716 7.31603 12.4716 5.28353V4.4502H10.8716V5.28353C10.8716 6.76186 11.494 8.14853 12.4708 9.16687H2.59961V10.8335H12.4708C11.494 11.8519 10.8716 13.2385 10.8716 14.7169V15.5502H12.4716V14.7169C12.4716 12.6844 14.2492 10.8335 16.1996 10.8335H16.9996V9.16687H16.1996Z\"><\/path><\/svg>\t\t\t\t\t\t<\/span>\n\t\t\t\t\t\t\t\t\t\t<span class=\"elementor-icon-list-text\">Pembe Estetik<\/span>\n\t\t\t\t\t\t\t\t\t\t\t<\/a>\n\t\t\t\t\t\t\t\t\t<\/li>\n\t\t\t\t\t\t\t\t<li class=\"elementor-icon-list-item\">\n\t\t\t\t\t\t\t\t\t\t\t<a href=\"https:\/\/santralclinic.com\/en\/tedaviler\/ortodonti-2\/\">\n\n\t\t\t\t\t\t\t\t\t\t\t\t<span class=\"elementor-icon-list-icon\">\n\t\t\t\t\t\t\t<svg xmlns=\"http:\/\/www.w3.org\/2000\/svg\" width=\"20\" height=\"20\" viewbox=\"0 0 20 20\" fill=\"currentColor\"><path fill-rule=\"evenodd\" clip-rule=\"evenodd\" d=\"M16.1996 9.16687C14.2492 9.16687 12.4716 7.31603 12.4716 5.28353V4.4502H10.8716V5.28353C10.8716 6.76186 11.494 8.14853 12.4708 9.16687H2.59961V10.8335H12.4708C11.494 11.8519 10.8716 13.2385 10.8716 14.7169V15.5502H12.4716V14.7169C12.4716 12.6844 14.2492 10.8335 16.1996 10.8335H16.9996V9.16687H16.1996Z\"><\/path><\/svg>\t\t\t\t\t\t<\/span>\n\t\t\t\t\t\t\t\t\t\t<span class=\"elementor-icon-list-text\">Ortodonti<\/span>\n\t\t\t\t\t\t\t\t\t\t\t<\/a>\n\t\t\t\t\t\t\t\t\t<\/li>\n\t\t\t\t\t\t\t\t<li class=\"elementor-icon-list-item\">\n\t\t\t\t\t\t\t\t\t\t\t<a href=\"https:\/\/santralclinic.com\/en\/tedaviler\/dis-beyazlatma\/\">\n\n\t\t\t\t\t\t\t\t\t\t\t\t<span class=\"elementor-icon-list-icon\">\n\t\t\t\t\t\t\t<svg xmlns=\"http:\/\/www.w3.org\/2000\/svg\" width=\"20\" height=\"20\" viewbox=\"0 0 20 20\" fill=\"currentColor\"><path fill-rule=\"evenodd\" clip-rule=\"evenodd\" d=\"M16.1996 9.16687C14.2492 9.16687 12.4716 7.31603 12.4716 5.28353V4.4502H10.8716V5.28353C10.8716 6.76186 11.494 8.14853 12.4708 9.16687H2.59961V10.8335H12.4708C11.494 11.8519 10.8716 13.2385 10.8716 14.7169V15.5502H12.4716V14.7169C12.4716 12.6844 14.2492 10.8335 16.1996 10.8335H16.9996V9.16687H16.1996Z\"><\/path><\/svg>\t\t\t\t\t\t<\/span>\n\t\t\t\t\t\t\t\t\t\t<span class=\"elementor-icon-list-text\">Di\u015f Beyazlatma<\/span>\n\t\t\t\t\t\t\t\t\t\t\t<\/a>\n\t\t\t\t\t\t\t\t\t<\/li>\n\t\t\t\t\t\t\t\t<li class=\"elementor-icon-list-item\">\n\t\t\t\t\t\t\t\t\t\t\t<a href=\"https:\/\/santralclinic.com\/en\/tedaviler\/20-yas-dis-cekimi\/\">\n\n\t\t\t\t\t\t\t\t\t\t\t\t<span class=\"elementor-icon-list-icon\">\n\t\t\t\t\t\t\t<svg xmlns=\"http:\/\/www.w3.org\/2000\/svg\" width=\"20\" height=\"20\" viewbox=\"0 0 20 20\" fill=\"currentColor\"><path fill-rule=\"evenodd\" clip-rule=\"evenodd\" d=\"M16.1996 9.16687C14.2492 9.16687 12.4716 7.31603 12.4716 5.28353V4.4502H10.8716V5.28353C10.8716 6.76186 11.494 8.14853 12.4708 9.16687H2.59961V10.8335H12.4708C11.494 11.8519 10.8716 13.2385 10.8716 14.7169V15.5502H12.4716V14.7169C12.4716 12.6844 14.2492 10.8335 16.1996 10.8335H16.9996V9.16687H16.1996Z\"><\/path><\/svg>\t\t\t\t\t\t<\/span>\n\t\t\t\t\t\t\t\t\t\t<span class=\"elementor-icon-list-text\">20 Ya\u015f Di\u015fleri<\/span>\n\t\t\t\t\t\t\t\t\t\t\t<\/a>\n\t\t\t\t\t\t\t\t\t<\/li>\n\t\t\t\t\t\t<\/ul>\n\t\t\t\t\t\t<\/div>\n\t\t\t\t<\/div>\n\t\t\t\t<\/div>\n\t\t\t\t<\/div>\n\t\t\t\t\t\t<\/div>\n\t\t\t\t<\/div>\n\t\t\t\t<\/div>\n\t\t\t\t<\/div>\n\t\t\t\t<\/div>\n\t\t<div class=\"elementor-element elementor-element-afdc4a7 e-con-full e-flex e-con e-child\" data-id=\"afdc4a7\" data-element_type=\"container\">\n\t\t<div class=\"elementor-element elementor-element-7c8055d e-con-full e-flex e-con e-child\" data-id=\"7c8055d\" data-element_type=\"container\">\n\t\t\t\t<div class=\"elementor-element elementor-element-8b15807 at-shiny-glass-effect page-single-image at-image-animation at-animation-image-style-1 elementor-widget elementor-widget-image\" data-id=\"8b15807\" data-element_type=\"widget\" data-settings=\"{&quot;ekit_we_effect_on&quot;:&quot;none&quot;}\" data-widget_type=\"image.default\">\n\t\t\t\t\t\t\t\t\t\t\t\t\t\t\t<img fetchpriority=\"high\" decoding=\"async\" width=\"1000\" height=\"667\" src=\"https:\/\/santralclinic.com\/wp-content\/uploads\/2025\/11\/cocuk-dis-hekimligi-2.jpg\" class=\"attachment-full size-full wp-image-12904\" alt=\"\" srcset=\"https:\/\/santralclinic.com\/wp-content\/uploads\/2025\/11\/cocuk-dis-hekimligi-2.jpg 1000w, https:\/\/santralclinic.com\/wp-content\/uploads\/2025\/11\/cocuk-dis-hekimligi-2-300x200.jpg 300w, https:\/\/santralclinic.com\/wp-content\/uploads\/2025\/11\/cocuk-dis-hekimligi-2-768x512.jpg 768w\" sizes=\"(max-width: 1000px) 100vw, 1000px\" \/>\t\t\t\t\t\t\t\t\t\t\t\t\t\t\t<\/div>\n\t\t\t\t<\/div>\n\t\t<div class=\"elementor-element elementor-element-6fb1671 e-con-full e-flex e-con e-child\" data-id=\"6fb1671\" data-element_type=\"container\">\n\t\t\t\t<div class=\"elementor-element elementor-element-57565e3 at-heading-animation at-animation-heading-style-3 elementor-widget elementor-widget-heading\" data-id=\"57565e3\" data-element_type=\"widget\" data-settings=\"{&quot;ekit_we_effect_on&quot;:&quot;none&quot;}\" data-widget_type=\"heading.default\">\n\t\t\t\t\t<h2 class=\"elementor-heading-title elementor-size-default\">Pediatric Dentistry (Pedodontics)<\/h2>\t\t\t\t<\/div>\n\t\t\t\t<div class=\"elementor-element elementor-element-33b7481 elementor-invisible elementor-widget elementor-widget-text-editor\" data-id=\"33b7481\" data-element_type=\"widget\" data-settings=\"{&quot;_animation&quot;:&quot;fadeInUp&quot;,&quot;ekit_we_effect_on&quot;:&quot;none&quot;}\" data-widget_type=\"text-editor.default\">\n\t\t\t\t\t\t\t\t\t<p><strong>Healthy Beginnings for Little Smiles<\/strong><\/p><p>Dental health in children forms the foundation for lifelong oral care habits. Santral Clinic, Bursa <strong>pediatric dentistry (pedodontism)<\/strong> With its services, it offers young patients a special, gentle, and fun treatment environment. It aims for healthy and comfortable development during the transition from primary teeth to permanent teeth.<\/p>\t\t\t\t\t\t\t\t<\/div>\n\t\t\t\t<\/div>\n\t\t<div class=\"elementor-element elementor-element-7ce2a49 e-con-full e-flex e-con e-child\" data-id=\"7ce2a49\" data-element_type=\"container\">\n\t\t\t\t<div class=\"elementor-element elementor-element-7318d40 at-heading-animation at-animation-heading-style-3 elementor-widget elementor-widget-heading\" data-id=\"7318d40\" data-element_type=\"widget\" data-settings=\"{&quot;ekit_we_effect_on&quot;:&quot;none&quot;}\" data-widget_type=\"heading.default\">\n\t\t\t\t\t<h2 class=\"elementor-heading-title elementor-size-default\">What is Pedodontics?\n<\/h2>\t\t\t\t<\/div>\n\t\t\t\t<div class=\"elementor-element elementor-element-242bb42 elementor-invisible elementor-widget elementor-widget-text-editor\" data-id=\"242bb42\" data-element_type=\"widget\" data-settings=\"{&quot;_animation&quot;:&quot;fadeInUp&quot;,&quot;ekit_we_effect_on&quot;:&quot;none&quot;}\" data-widget_type=\"text-editor.default\">\n\t\t\t\t\t\t\t\t\t<p>Pedodontics is the branch of dentistry that deals with the teeth, jaws, and oral health of children from infancy to adolescence. Children&#8217;s dental development is supported through preventive and therapeutic procedures.<\/p>\t\t\t\t\t\t\t\t<\/div>\n\t\t<div class=\"elementor-element elementor-element-a9c84d9 e-con-full e-flex e-con e-child\" data-id=\"a9c84d9\" data-element_type=\"container\">\n\t\t<div class=\"elementor-element elementor-element-1abd8e1 e-con-full e-flex e-con e-child\" data-id=\"1abd8e1\" data-element_type=\"container\">\n\t\t\t\t<div class=\"elementor-element elementor-element-1f3aab7 at-shiny-glass-effect service-purpose-img at-image-animation at-animation-image-style-1 elementor-widget elementor-widget-image\" data-id=\"1f3aab7\" data-element_type=\"widget\" data-settings=\"{&quot;ekit_we_effect_on&quot;:&quot;none&quot;}\" data-widget_type=\"image.default\">\n\t\t\t\t\t\t\t\t\t\t\t\t\t\t\t<img decoding=\"async\" width=\"2048\" height=\"1365\" data-src=\"https:\/\/santralclinic.com\/wp-content\/uploads\/2025\/11\/Cocuk-Dis-Hekimligi.webp\" class=\"attachment-full size-full wp-image-12905 lazyload\" alt=\"\" data-srcset=\"https:\/\/santralclinic.com\/wp-content\/uploads\/2025\/11\/Cocuk-Dis-Hekimligi.webp 2048w, https:\/\/santralclinic.com\/wp-content\/uploads\/2025\/11\/Cocuk-Dis-Hekimligi-300x200.webp 300w, https:\/\/santralclinic.com\/wp-content\/uploads\/2025\/11\/Cocuk-Dis-Hekimligi-1024x683.webp 1024w, https:\/\/santralclinic.com\/wp-content\/uploads\/2025\/11\/Cocuk-Dis-Hekimligi-768x512.webp 768w, https:\/\/santralclinic.com\/wp-content\/uploads\/2025\/11\/Cocuk-Dis-Hekimligi-1536x1024.webp 1536w\" data-sizes=\"(max-width: 2048px) 100vw, 2048px\" src=\"data:image\/svg+xml;base64,PHN2ZyB3aWR0aD0iMSIgaGVpZ2h0PSIxIiB4bWxucz0iaHR0cDovL3d3dy53My5vcmcvMjAwMC9zdmciPjwvc3ZnPg==\" style=\"--smush-placeholder-width: 2048px; --smush-placeholder-aspect-ratio: 2048\/1365;\" \/>\t\t\t\t\t\t\t\t\t\t\t\t\t\t\t<\/div>\n\t\t\t\t<\/div>\n\t\t<div class=\"elementor-element elementor-element-a7e3c7b e-con-full e-flex e-con e-child\" data-id=\"a7e3c7b\" data-element_type=\"container\">\n\t\t\t\t<div class=\"elementor-element elementor-element-2ccb1f9 at-shiny-glass-effect service-purpose-img at-image-animation at-animation-image-style-1 elementor-widget elementor-widget-image\" data-id=\"2ccb1f9\" data-element_type=\"widget\" data-settings=\"{&quot;ekit_we_effect_on&quot;:&quot;none&quot;}\" data-widget_type=\"image.default\">\n\t\t\t\t\t\t\t\t\t\t\t\t\t\t\t<img decoding=\"async\" width=\"1200\" height=\"799\" data-src=\"https:\/\/santralclinic.com\/wp-content\/uploads\/2025\/11\/foto_upload_1733362390.jpg\" class=\"attachment-full size-full wp-image-12906 lazyload\" alt=\"\" data-srcset=\"https:\/\/santralclinic.com\/wp-content\/uploads\/2025\/11\/foto_upload_1733362390.jpg 1200w, https:\/\/santralclinic.com\/wp-content\/uploads\/2025\/11\/foto_upload_1733362390-300x200.jpg 300w, https:\/\/santralclinic.com\/wp-content\/uploads\/2025\/11\/foto_upload_1733362390-1024x682.jpg 1024w, https:\/\/santralclinic.com\/wp-content\/uploads\/2025\/11\/foto_upload_1733362390-768x511.jpg 768w\" data-sizes=\"(max-width: 1200px) 100vw, 1200px\" src=\"data:image\/svg+xml;base64,PHN2ZyB3aWR0aD0iMSIgaGVpZ2h0PSIxIiB4bWxucz0iaHR0cDovL3d3dy53My5vcmcvMjAwMC9zdmciPjwvc3ZnPg==\" style=\"--smush-placeholder-width: 1200px; --smush-placeholder-aspect-ratio: 1200\/799;\" \/>\t\t\t\t\t\t\t\t\t\t\t\t\t\t\t<\/div>\n\t\t\t\t<\/div>\n\t\t\t\t<\/div>\n\t\t\t\t<\/div>\n\t\t<div class=\"elementor-element elementor-element-c5f9ce9 e-con-full e-flex e-con e-child\" data-id=\"c5f9ce9\" data-element_type=\"container\">\n\t\t\t\t<div class=\"elementor-element elementor-element-bcec4cf elementor-invisible elementor-widget elementor-widget-text-editor\" data-id=\"bcec4cf\" data-element_type=\"widget\" data-settings=\"{&quot;_animation&quot;:&quot;fadeInUp&quot;,&quot;ekit_we_effect_on&quot;:&quot;none&quot;}\" data-widget_type=\"text-editor.default\">\n\t\t\t\t\t\t\t\t\t<h2>Pedodontic Services Provided at the Central Clinic<\/h2><p>&nbsp;<\/p><ul><li>Milk teeth fillings and extractions<\/li><li>Fissure sealant and fluoride applications to prevent tooth decay<\/li><li>Post-traumatic dental treatments<\/li><li>Night plate applications for teeth grinding habits<\/li><li>Guidance in preparation for permanent teeth<\/li><\/ul><h2>Why Should You Bring Your Children to Central Clinic?<\/h2><p>&nbsp;<\/p><ul><li>Experienced pedodontist staff in the field<\/li><li>A sterile and fun clinical environment for children<\/li><li>Central location and easy access in Bursa<\/li><li>Approach and patience appropriate to child psychology<\/li><\/ul><h2>When Should the First Dental Examination Be Performed in Bursa?<\/h2><p>&nbsp;<\/p><p>A first dental checkup is recommended as soon as the first baby tooth emerges, or at the latest, at age 1. Developing good dental health habits early on can prevent cavities and reduce children&#8217;s fear of the dentist.<\/p><div class=\"call-to-action\"><p><strong>For a Bursa pediatric dentist appointment <a href=\"https:\/\/santralklinik.com\/iletisim\" rel=\"nofollow noopener\" target=\"_blank\">Contact us now<\/a> and take the first step towards your child&#8217;s healthy smile.<\/strong><\/p><\/div>\t\t\t\t\t\t\t\t<\/div>\n\t\t\t\t<div class=\"elementor-element elementor-element-06ed9ba at-heading-animation at-animation-heading-style-3 elementor-widget elementor-widget-heading\" data-id=\"06ed9ba\" data-element_type=\"widget\" data-settings=\"{&quot;ekit_we_effect_on&quot;:&quot;none&quot;}\" data-widget_type=\"heading.default\">\n\t\t\t\t\t<h2 class=\"elementor-heading-title elementor-size-default\">Why Central Clinic?<\/h2>\t\t\t\t<\/div>\n\t\t\t\t<div class=\"elementor-element elementor-element-72e5639 column-2 elementor-align-start elementor-icon-list--layout-traditional elementor-list-item-link-full_width elementor-invisible elementor-widget elementor-widget-icon-list\" data-id=\"72e5639\" data-element_type=\"widget\" data-settings=\"{&quot;_animation&quot;:&quot;fadeInUp&quot;,&quot;_animation_delay&quot;:100,&quot;ekit_we_effect_on&quot;:&quot;none&quot;}\" data-widget_type=\"icon-list.default\">\n\t\t\t\t\t\t\t<ul class=\"elementor-icon-list-items\">\n\t\t\t\t\t\t\t<li class=\"elementor-icon-list-item\">\n\t\t\t\t\t\t\t\t\t\t\t<span class=\"elementor-icon-list-icon\">\n\t\t\t\t\t\t\t<i aria-hidden=\"true\" class=\"fas fa-check-circle\"><\/i>\t\t\t\t\t\t<\/span>\n\t\t\t\t\t\t\t\t\t\t<span class=\"elementor-icon-list-text\">Experienced and aesthetically focused dentist staff<\/span>\n\t\t\t\t\t\t\t\t\t<\/li>\n\t\t\t\t\t\t\t\t<li class=\"elementor-icon-list-item\">\n\t\t\t\t\t\t\t\t\t\t\t<span class=\"elementor-icon-list-icon\">\n\t\t\t\t\t\t\t<i aria-hidden=\"true\" class=\"fas fa-check-circle\"><\/i>\t\t\t\t\t\t<\/span>\n\t\t\t\t\t\t\t\t\t\t<span class=\"elementor-icon-list-text\">Digital measurement and planning technologies<\/span>\n\t\t\t\t\t\t\t\t\t<\/li>\n\t\t\t\t\t\t\t\t<li class=\"elementor-icon-list-item\">\n\t\t\t\t\t\t\t\t\t\t\t<span class=\"elementor-icon-list-icon\">\n\t\t\t\t\t\t\t<i aria-hidden=\"true\" class=\"fas fa-check-circle\"><\/i>\t\t\t\t\t\t<\/span>\n\t\t\t\t\t\t\t\t\t\t<span class=\"elementor-icon-list-text\">High patient satisfaction and natural results<\/span>\n\t\t\t\t\t\t\t\t\t<\/li>\n\t\t\t\t\t\t\t\t<li class=\"elementor-icon-list-item\">\n\t\t\t\t\t\t\t\t\t\t\t<span class=\"elementor-icon-list-icon\">\n\t\t\t\t\t\t\t<i aria-hidden=\"true\" class=\"fas fa-check-circle\"><\/i>\t\t\t\t\t\t<\/span>\n\t\t\t\t\t\t\t\t\t\t<span class=\"elementor-icon-list-text\">A modern clinic environment in a central location in Bursa<\/span>\n\t\t\t\t\t\t\t\t\t<\/li>\n\t\t\t\t\t\t<\/ul>\n\t\t\t\t\t\t<\/div>\n\t\t\t\t<\/div>\n\t\t\t\t<\/div>\n\t\t\t\t\t<\/div>\n\t\t\t\t<\/div>\n\t\t\t\t<\/div>","protected":false},"excerpt":{"rendered":"<p>Pediatric Dentistry (Pedodontics) Di\u011fer Tedavilerimiz G\u00fcl\u00fc\u015f Tasar\u0131m\u0131 Porselen Lamina Di\u015f \u00c7ocuk Di\u015f [&hellip;]<\/p>","protected":false},"author":1,"featured_media":0,"parent":13247,"menu_order":0,"comment_status":"closed","ping_status":"closed","template":"elementor_header_footer","meta":{"inline_featured_image":false,"footnotes":""},"class_list":["post-13295","page","type-page","status-publish","hentry"],"_links":{"self":[{"href":"https:\/\/santralclinic.com\/en\/wp-json\/wp\/v2\/pages\/13295","targetHints":{"allow":["GET"]}}],"collection":[{"href":"https:\/\/santralclinic.com\/en\/wp-json\/wp\/v2\/pages"}],"about":[{"href":"https:\/\/santralclinic.com\/en\/wp-json\/wp\/v2\/types\/page"}],"author":[{"embeddable":true,"href":"https:\/\/santralclinic.com\/en\/wp-json\/wp\/v2\/users\/1"}],"replies":[{"embeddable":true,"href":"https:\/\/santralclinic.com\/en\/wp-json\/wp\/v2\/comments?post=13295"}],"version-history":[{"count":1,"href":"https:\/\/santralclinic.com\/en\/wp-json\/wp\/v2\/pages\/13295\/revisions"}],"predecessor-version":[{"id":13296,"href":"https:\/\/santralclinic.com\/en\/wp-json\/wp\/v2\/pages\/13295\/revisions\/13296"}],"up":[{"embeddable":true,"href":"https:\/\/santralclinic.com\/en\/wp-json\/wp\/v2\/pages\/13247"}],"wp:attachment":[{"href":"https:\/\/santralclinic.com\/en\/wp-json\/wp\/v2\/media?parent=13295"}],"curies":[{"name":"wp","href":"https:\/\/api.w.org\/{rel}","templated":true}]}}