{"id":13353,"date":"2025-09-24T05:15:37","date_gmt":"2025-09-24T05:15:37","guid":{"rendered":"https:\/\/santralclinic.com\/?page_id=12973"},"modified":"2025-11-26T16:17:18","modified_gmt":"2025-11-26T16:17:18","slug":"rosa-asthetik","status":"publish","type":"page","link":"https:\/\/santralclinic.com\/de\/behandlungen\/rosa-asthetik\/","title":{"rendered":"Rosa \u00c4sthetik"},"content":{"rendered":"<div data-elementor-type=\"wp-page\" data-elementor-id=\"13353\" class=\"elementor elementor-13353\" data-elementor-post-type=\"page\">\n\t\t\t\t<div class=\"elementor-element elementor-element-bba4543 e-flex e-con-boxed e-con e-parent\" data-id=\"bba4543\" data-element_type=\"container\">\n\t\t\t\t\t<div class=\"e-con-inner\">\n\t\t<div class=\"elementor-element elementor-element-add6874 page-header-section e-flex e-con-boxed e-con e-child\" data-id=\"add6874\" data-element_type=\"container\" data-settings=\"{&quot;background_background&quot;:&quot;classic&quot;}\">\n\t\t\t\t\t<div class=\"e-con-inner\">\n\t\t<div class=\"elementor-element elementor-element-726f60f e-con-full e-flex e-con e-child\" data-id=\"726f60f\" data-element_type=\"container\">\n\t\t\t\t<div class=\"elementor-element elementor-element-0f99adb at-heading-animation at-animation-heading-style-3 elementor-widget elementor-widget-heading\" data-id=\"0f99adb\" data-element_type=\"widget\" data-settings=\"{&quot;ekit_we_effect_on&quot;:&quot;none&quot;}\" data-widget_type=\"heading.default\">\n\t\t\t\t\t<h1 class=\"elementor-heading-title elementor-size-default\">Rosa \u00c4sthetik<\/h1>\t\t\t\t<\/div>\n\t\t\t\t<\/div>\n\t\t\t\t\t<\/div>\n\t\t\t\t<\/div>\n\t\t\t\t\t<\/div>\n\t\t\t\t<\/div>\n\t\t<div class=\"elementor-element elementor-element-e870d51 e-flex e-con-boxed e-con e-parent\" data-id=\"e870d51\" data-element_type=\"container\">\n\t\t\t\t\t<div class=\"e-con-inner\">\n\t\t<div class=\"elementor-element elementor-element-7d22810 e-con-full e-flex e-con e-child\" data-id=\"7d22810\" data-element_type=\"container\">\n\t\t<div class=\"elementor-element elementor-element-57bcc08 e-con-full sticky-column e-flex e-con e-child\" data-id=\"57bcc08\" data-element_type=\"container\">\n\t\t<div class=\"elementor-element elementor-element-e2c5f9b e-con-full e-flex elementor-invisible e-con e-child\" data-id=\"e2c5f9b\" data-element_type=\"container\" data-settings=\"{&quot;animation&quot;:&quot;fadeInUp&quot;}\">\n\t\t\t\t<div class=\"elementor-element elementor-element-59e6af8 elementor-widget elementor-widget-denture-elementor-template\" data-id=\"59e6af8\" data-element_type=\"widget\" data-settings=\"{&quot;ekit_we_effect_on&quot;:&quot;none&quot;}\" data-widget_type=\"denture-elementor-template.default\">\n\t\t\t\t<div class=\"elementor-widget-container\">\n\t\t\t\t\t\t\t<div class=\"elementor-template\">\n\t\t\t\t\t<div data-elementor-type=\"section\" data-elementor-id=\"5758\" class=\"elementor elementor-5758\" data-elementor-post-type=\"elementor_library\">\n\t\t\t<div class=\"elementor-element elementor-element-af238dd e-con-full e-flex e-con e-child\" data-id=\"af238dd\" data-element_type=\"container\" data-settings=\"{&quot;background_background&quot;:&quot;classic&quot;}\">\n\t\t\t\t<div class=\"elementor-element elementor-element-851787d at-heading-animation at-animation-heading-none elementor-widget elementor-widget-heading\" data-id=\"851787d\" data-element_type=\"widget\" data-settings=\"{&quot;ekit_we_effect_on&quot;:&quot;none&quot;}\" data-widget_type=\"heading.default\">\n\t\t\t\t\t<h3 class=\"elementor-heading-title elementor-size-default\">Di\u011fer Tedavilerimiz<\/h3>\t\t\t\t<\/div>\n\t\t\t\t<div class=\"elementor-element elementor-element-f42ff3b page-category-list elementor-icon-list--layout-traditional elementor-list-item-link-full_width elementor-widget elementor-widget-icon-list\" data-id=\"f42ff3b\" data-element_type=\"widget\" data-settings=\"{&quot;ekit_we_effect_on&quot;:&quot;none&quot;}\" data-widget_type=\"icon-list.default\">\n\t\t\t\t\t\t\t<ul class=\"elementor-icon-list-items\">\n\t\t\t\t\t\t\t<li class=\"elementor-icon-list-item\">\n\t\t\t\t\t\t\t\t\t\t\t<a href=\"https:\/\/santralclinic.com\/de\/tedaviler\/gulus-tasarimi\/\">\n\n\t\t\t\t\t\t\t\t\t\t\t\t<span class=\"elementor-icon-list-icon\">\n\t\t\t\t\t\t\t<svg xmlns=\"http:\/\/www.w3.org\/2000\/svg\" width=\"20\" height=\"20\" viewbox=\"0 0 20 20\" fill=\"currentColor\"><path fill-rule=\"evenodd\" clip-rule=\"evenodd\" d=\"M16.1996 9.16687C14.2492 9.16687 12.4716 7.31603 12.4716 5.28353V4.4502H10.8716V5.28353C10.8716 6.76186 11.494 8.14853 12.4708 9.16687H2.59961V10.8335H12.4708C11.494 11.8519 10.8716 13.2385 10.8716 14.7169V15.5502H12.4716V14.7169C12.4716 12.6844 14.2492 10.8335 16.1996 10.8335H16.9996V9.16687H16.1996Z\"><\/path><\/svg>\t\t\t\t\t\t<\/span>\n\t\t\t\t\t\t\t\t\t\t<span class=\"elementor-icon-list-text\">G\u00fcl\u00fc\u015f Tasar\u0131m\u0131<\/span>\n\t\t\t\t\t\t\t\t\t\t\t<\/a>\n\t\t\t\t\t\t\t\t\t<\/li>\n\t\t\t\t\t\t\t\t<li class=\"elementor-icon-list-item\">\n\t\t\t\t\t\t\t\t\t\t\t<a href=\"https:\/\/santralclinic.com\/de\/tedaviler\/porselen-lamina-dis\/\">\n\n\t\t\t\t\t\t\t\t\t\t\t\t<span class=\"elementor-icon-list-icon\">\n\t\t\t\t\t\t\t<svg xmlns=\"http:\/\/www.w3.org\/2000\/svg\" width=\"20\" height=\"20\" viewbox=\"0 0 20 20\" fill=\"currentColor\"><path fill-rule=\"evenodd\" clip-rule=\"evenodd\" d=\"M16.1996 9.16687C14.2492 9.16687 12.4716 7.31603 12.4716 5.28353V4.4502H10.8716V5.28353C10.8716 6.76186 11.494 8.14853 12.4708 9.16687H2.59961V10.8335H12.4708C11.494 11.8519 10.8716 13.2385 10.8716 14.7169V15.5502H12.4716V14.7169C12.4716 12.6844 14.2492 10.8335 16.1996 10.8335H16.9996V9.16687H16.1996Z\"><\/path><\/svg>\t\t\t\t\t\t<\/span>\n\t\t\t\t\t\t\t\t\t\t<span class=\"elementor-icon-list-text\">Porselen Lamina Di\u015f<\/span>\n\t\t\t\t\t\t\t\t\t\t\t<\/a>\n\t\t\t\t\t\t\t\t\t<\/li>\n\t\t\t\t\t\t\t\t<li class=\"elementor-icon-list-item\">\n\t\t\t\t\t\t\t\t\t\t\t<a href=\"https:\/\/santralclinic.com\/de\/tedaviler\/cocuk-dis\/\">\n\n\t\t\t\t\t\t\t\t\t\t\t\t<span class=\"elementor-icon-list-icon\">\n\t\t\t\t\t\t\t<svg xmlns=\"http:\/\/www.w3.org\/2000\/svg\" width=\"20\" height=\"20\" viewbox=\"0 0 20 20\" fill=\"currentColor\"><path fill-rule=\"evenodd\" clip-rule=\"evenodd\" d=\"M16.1996 9.16687C14.2492 9.16687 12.4716 7.31603 12.4716 5.28353V4.4502H10.8716V5.28353C10.8716 6.76186 11.494 8.14853 12.4708 9.16687H2.59961V10.8335H12.4708C11.494 11.8519 10.8716 13.2385 10.8716 14.7169V15.5502H12.4716V14.7169C12.4716 12.6844 14.2492 10.8335 16.1996 10.8335H16.9996V9.16687H16.1996Z\"><\/path><\/svg>\t\t\t\t\t\t<\/span>\n\t\t\t\t\t\t\t\t\t\t<span class=\"elementor-icon-list-text\">\u00c7ocuk Di\u015f<\/span>\n\t\t\t\t\t\t\t\t\t\t\t<\/a>\n\t\t\t\t\t\t\t\t\t<\/li>\n\t\t\t\t\t\t\t\t<li class=\"elementor-icon-list-item\">\n\t\t\t\t\t\t\t\t\t\t\t<a href=\"https:\/\/santralclinic.com\/de\/tedaviler\/kanal-tedavisi-3\/\">\n\n\t\t\t\t\t\t\t\t\t\t\t\t<span class=\"elementor-icon-list-icon\">\n\t\t\t\t\t\t\t<svg xmlns=\"http:\/\/www.w3.org\/2000\/svg\" width=\"20\" height=\"20\" viewbox=\"0 0 20 20\" fill=\"currentColor\"><path fill-rule=\"evenodd\" clip-rule=\"evenodd\" d=\"M16.1996 9.16687C14.2492 9.16687 12.4716 7.31603 12.4716 5.28353V4.4502H10.8716V5.28353C10.8716 6.76186 11.494 8.14853 12.4708 9.16687H2.59961V10.8335H12.4708C11.494 11.8519 10.8716 13.2385 10.8716 14.7169V15.5502H12.4716V14.7169C12.4716 12.6844 14.2492 10.8335 16.1996 10.8335H16.9996V9.16687H16.1996Z\"><\/path><\/svg>\t\t\t\t\t\t<\/span>\n\t\t\t\t\t\t\t\t\t\t<span class=\"elementor-icon-list-text\">Kanal Tedavisi<\/span>\n\t\t\t\t\t\t\t\t\t\t\t<\/a>\n\t\t\t\t\t\t\t\t\t<\/li>\n\t\t\t\t\t\t\t\t<li class=\"elementor-icon-list-item\">\n\t\t\t\t\t\t\t\t\t\t\t<a href=\"https:\/\/santralclinic.com\/de\/tedaviler\/eklem-tedavisi\/\">\n\n\t\t\t\t\t\t\t\t\t\t\t\t<span class=\"elementor-icon-list-icon\">\n\t\t\t\t\t\t\t<svg xmlns=\"http:\/\/www.w3.org\/2000\/svg\" width=\"20\" height=\"20\" viewbox=\"0 0 20 20\" fill=\"currentColor\"><path fill-rule=\"evenodd\" clip-rule=\"evenodd\" d=\"M16.1996 9.16687C14.2492 9.16687 12.4716 7.31603 12.4716 5.28353V4.4502H10.8716V5.28353C10.8716 6.76186 11.494 8.14853 12.4708 9.16687H2.59961V10.8335H12.4708C11.494 11.8519 10.8716 13.2385 10.8716 14.7169V15.5502H12.4716V14.7169C12.4716 12.6844 14.2492 10.8335 16.1996 10.8335H16.9996V9.16687H16.1996Z\"><\/path><\/svg>\t\t\t\t\t\t<\/span>\n\t\t\t\t\t\t\t\t\t\t<span class=\"elementor-icon-list-text\">Eklem Tedavisi<\/span>\n\t\t\t\t\t\t\t\t\t\t\t<\/a>\n\t\t\t\t\t\t\t\t\t<\/li>\n\t\t\t\t\t\t\t\t<li class=\"elementor-icon-list-item\">\n\t\t\t\t\t\t\t\t\t\t\t<a href=\"https:\/\/santralclinic.com\/de\/tedaviler\/masseter-botoks\/\">\n\n\t\t\t\t\t\t\t\t\t\t\t\t<span class=\"elementor-icon-list-icon\">\n\t\t\t\t\t\t\t<svg xmlns=\"http:\/\/www.w3.org\/2000\/svg\" width=\"20\" height=\"20\" viewbox=\"0 0 20 20\" fill=\"currentColor\"><path fill-rule=\"evenodd\" clip-rule=\"evenodd\" d=\"M16.1996 9.16687C14.2492 9.16687 12.4716 7.31603 12.4716 5.28353V4.4502H10.8716V5.28353C10.8716 6.76186 11.494 8.14853 12.4708 9.16687H2.59961V10.8335H12.4708C11.494 11.8519 10.8716 13.2385 10.8716 14.7169V15.5502H12.4716V14.7169C12.4716 12.6844 14.2492 10.8335 16.1996 10.8335H16.9996V9.16687H16.1996Z\"><\/path><\/svg>\t\t\t\t\t\t<\/span>\n\t\t\t\t\t\t\t\t\t\t<span class=\"elementor-icon-list-text\">Masseter Botoks<\/span>\n\t\t\t\t\t\t\t\t\t\t\t<\/a>\n\t\t\t\t\t\t\t\t\t<\/li>\n\t\t\t\t\t\t\t\t<li class=\"elementor-icon-list-item\">\n\t\t\t\t\t\t\t\t\t\t\t<a href=\"https:\/\/santralclinic.com\/de\/tedaviler\/pembe-estetik\/\">\n\n\t\t\t\t\t\t\t\t\t\t\t\t<span class=\"elementor-icon-list-icon\">\n\t\t\t\t\t\t\t<svg xmlns=\"http:\/\/www.w3.org\/2000\/svg\" width=\"20\" height=\"20\" viewbox=\"0 0 20 20\" fill=\"currentColor\"><path fill-rule=\"evenodd\" clip-rule=\"evenodd\" d=\"M16.1996 9.16687C14.2492 9.16687 12.4716 7.31603 12.4716 5.28353V4.4502H10.8716V5.28353C10.8716 6.76186 11.494 8.14853 12.4708 9.16687H2.59961V10.8335H12.4708C11.494 11.8519 10.8716 13.2385 10.8716 14.7169V15.5502H12.4716V14.7169C12.4716 12.6844 14.2492 10.8335 16.1996 10.8335H16.9996V9.16687H16.1996Z\"><\/path><\/svg>\t\t\t\t\t\t<\/span>\n\t\t\t\t\t\t\t\t\t\t<span class=\"elementor-icon-list-text\">Pembe Estetik<\/span>\n\t\t\t\t\t\t\t\t\t\t\t<\/a>\n\t\t\t\t\t\t\t\t\t<\/li>\n\t\t\t\t\t\t\t\t<li class=\"elementor-icon-list-item\">\n\t\t\t\t\t\t\t\t\t\t\t<a href=\"https:\/\/santralclinic.com\/de\/tedaviler\/ortodonti-2\/\">\n\n\t\t\t\t\t\t\t\t\t\t\t\t<span class=\"elementor-icon-list-icon\">\n\t\t\t\t\t\t\t<svg xmlns=\"http:\/\/www.w3.org\/2000\/svg\" width=\"20\" height=\"20\" viewbox=\"0 0 20 20\" fill=\"currentColor\"><path fill-rule=\"evenodd\" clip-rule=\"evenodd\" d=\"M16.1996 9.16687C14.2492 9.16687 12.4716 7.31603 12.4716 5.28353V4.4502H10.8716V5.28353C10.8716 6.76186 11.494 8.14853 12.4708 9.16687H2.59961V10.8335H12.4708C11.494 11.8519 10.8716 13.2385 10.8716 14.7169V15.5502H12.4716V14.7169C12.4716 12.6844 14.2492 10.8335 16.1996 10.8335H16.9996V9.16687H16.1996Z\"><\/path><\/svg>\t\t\t\t\t\t<\/span>\n\t\t\t\t\t\t\t\t\t\t<span class=\"elementor-icon-list-text\">Ortodonti<\/span>\n\t\t\t\t\t\t\t\t\t\t\t<\/a>\n\t\t\t\t\t\t\t\t\t<\/li>\n\t\t\t\t\t\t\t\t<li class=\"elementor-icon-list-item\">\n\t\t\t\t\t\t\t\t\t\t\t<a href=\"https:\/\/santralclinic.com\/de\/tedaviler\/dis-beyazlatma\/\">\n\n\t\t\t\t\t\t\t\t\t\t\t\t<span class=\"elementor-icon-list-icon\">\n\t\t\t\t\t\t\t<svg xmlns=\"http:\/\/www.w3.org\/2000\/svg\" width=\"20\" height=\"20\" viewbox=\"0 0 20 20\" fill=\"currentColor\"><path fill-rule=\"evenodd\" clip-rule=\"evenodd\" d=\"M16.1996 9.16687C14.2492 9.16687 12.4716 7.31603 12.4716 5.28353V4.4502H10.8716V5.28353C10.8716 6.76186 11.494 8.14853 12.4708 9.16687H2.59961V10.8335H12.4708C11.494 11.8519 10.8716 13.2385 10.8716 14.7169V15.5502H12.4716V14.7169C12.4716 12.6844 14.2492 10.8335 16.1996 10.8335H16.9996V9.16687H16.1996Z\"><\/path><\/svg>\t\t\t\t\t\t<\/span>\n\t\t\t\t\t\t\t\t\t\t<span class=\"elementor-icon-list-text\">Di\u015f Beyazlatma<\/span>\n\t\t\t\t\t\t\t\t\t\t\t<\/a>\n\t\t\t\t\t\t\t\t\t<\/li>\n\t\t\t\t\t\t\t\t<li class=\"elementor-icon-list-item\">\n\t\t\t\t\t\t\t\t\t\t\t<a href=\"https:\/\/santralclinic.com\/de\/tedaviler\/20-yas-dis-cekimi\/\">\n\n\t\t\t\t\t\t\t\t\t\t\t\t<span class=\"elementor-icon-list-icon\">\n\t\t\t\t\t\t\t<svg xmlns=\"http:\/\/www.w3.org\/2000\/svg\" width=\"20\" height=\"20\" viewbox=\"0 0 20 20\" fill=\"currentColor\"><path fill-rule=\"evenodd\" clip-rule=\"evenodd\" d=\"M16.1996 9.16687C14.2492 9.16687 12.4716 7.31603 12.4716 5.28353V4.4502H10.8716V5.28353C10.8716 6.76186 11.494 8.14853 12.4708 9.16687H2.59961V10.8335H12.4708C11.494 11.8519 10.8716 13.2385 10.8716 14.7169V15.5502H12.4716V14.7169C12.4716 12.6844 14.2492 10.8335 16.1996 10.8335H16.9996V9.16687H16.1996Z\"><\/path><\/svg>\t\t\t\t\t\t<\/span>\n\t\t\t\t\t\t\t\t\t\t<span class=\"elementor-icon-list-text\">20 Ya\u015f Di\u015fleri<\/span>\n\t\t\t\t\t\t\t\t\t\t\t<\/a>\n\t\t\t\t\t\t\t\t\t<\/li>\n\t\t\t\t\t\t<\/ul>\n\t\t\t\t\t\t<\/div>\n\t\t\t\t<\/div>\n\t\t\t\t<\/div>\n\t\t\t\t<\/div>\n\t\t\t\t\t\t<\/div>\n\t\t\t\t<\/div>\n\t\t\t\t<\/div>\n\t\t\t\t<\/div>\n\t\t\t\t<\/div>\n\t\t<div class=\"elementor-element elementor-element-afdc4a7 e-con-full e-flex e-con e-child\" data-id=\"afdc4a7\" data-element_type=\"container\">\n\t\t<div class=\"elementor-element elementor-element-7c8055d e-con-full e-flex e-con e-child\" data-id=\"7c8055d\" data-element_type=\"container\">\n\t\t\t\t<div class=\"elementor-element elementor-element-8b15807 at-shiny-glass-effect page-single-image at-image-animation at-animation-image-style-1 elementor-widget elementor-widget-image\" data-id=\"8b15807\" data-element_type=\"widget\" data-settings=\"{&quot;ekit_we_effect_on&quot;:&quot;none&quot;}\" data-widget_type=\"image.default\">\n\t\t\t\t\t\t\t\t\t\t\t\t\t\t\t<img fetchpriority=\"high\" decoding=\"async\" width=\"682\" height=\"384\" src=\"https:\/\/santralclinic.com\/wp-content\/uploads\/2025\/11\/dis-eti-estetigi-1.jpg\" class=\"attachment-full size-full wp-image-12976\" alt=\"\" srcset=\"https:\/\/santralclinic.com\/wp-content\/uploads\/2025\/11\/dis-eti-estetigi-1.jpg 682w, https:\/\/santralclinic.com\/wp-content\/uploads\/2025\/11\/dis-eti-estetigi-1-300x169.jpg 300w\" sizes=\"(max-width: 682px) 100vw, 682px\" \/>\t\t\t\t\t\t\t\t\t\t\t\t\t\t\t<\/div>\n\t\t\t\t<\/div>\n\t\t<div class=\"elementor-element elementor-element-6fb1671 e-con-full e-flex e-con e-child\" data-id=\"6fb1671\" data-element_type=\"container\">\n\t\t\t\t<div class=\"elementor-element elementor-element-57565e3 at-heading-animation at-animation-heading-style-3 elementor-widget elementor-widget-heading\" data-id=\"57565e3\" data-element_type=\"widget\" data-settings=\"{&quot;ekit_we_effect_on&quot;:&quot;none&quot;}\" data-widget_type=\"heading.default\">\n\t\t\t\t\t<h2 class=\"elementor-heading-title elementor-size-default\">Erreichen Sie ein harmonisches L\u00e4cheln mit Zahnfleisch\u00e4sthetik<\/h2>\t\t\t\t<\/div>\n\t\t\t\t<div class=\"elementor-element elementor-element-33b7481 elementor-invisible elementor-widget elementor-widget-text-editor\" data-id=\"33b7481\" data-element_type=\"widget\" data-settings=\"{&quot;_animation&quot;:&quot;fadeInUp&quot;,&quot;ekit_we_effect_on&quot;:&quot;none&quot;}\" data-widget_type=\"text-editor.default\">\n\t\t\t\t\t\t\t\t\t<p>In Bursa <strong>rosa \u00c4sthetik<\/strong> oder mit anderen Worten <strong>\u00c4sthetik des Zahnfleisches<\/strong>Diese Verfahren zielen darauf ab, das Verh\u00e4ltnis von Z\u00e4hnen zu Zahnfleisch in Ihrem L\u00e4cheln \u00e4sthetisch zu verbessern. In der Santral Klinik wird diese Behandlung von erfahrenen Zahn\u00e4rzten mithilfe digitaler Planung und pr\u00e4ziser Anwendungstechniken durchgef\u00fchrt.<\/p>\t\t\t\t\t\t\t\t<\/div>\n\t\t\t\t<\/div>\n\t\t<div class=\"elementor-element elementor-element-7ce2a49 e-con-full e-flex e-con e-child\" data-id=\"7ce2a49\" data-element_type=\"container\">\n\t\t\t\t<div class=\"elementor-element elementor-element-7318d40 at-heading-animation at-animation-heading-style-3 elementor-widget elementor-widget-heading\" data-id=\"7318d40\" data-element_type=\"widget\" data-settings=\"{&quot;ekit_we_effect_on&quot;:&quot;none&quot;}\" data-widget_type=\"heading.default\">\n\t\t\t\t\t<h2 class=\"elementor-heading-title elementor-size-default\">Was ist Pink Aesthetic?<\/h2>\t\t\t\t<\/div>\n\t\t\t\t<div class=\"elementor-element elementor-element-242bb42 elementor-invisible elementor-widget elementor-widget-text-editor\" data-id=\"242bb42\" data-element_type=\"widget\" data-settings=\"{&quot;_animation&quot;:&quot;fadeInUp&quot;,&quot;ekit_we_effect_on&quot;:&quot;none&quot;}\" data-widget_type=\"text-editor.default\">\n\t\t\t\t\t\t\t\t\t<p>Die sogenannte \u201ePinke \u00c4sthetik\u201c bezeichnet das Verfahren zur Wiederherstellung eines symmetrischen, gesunden und \u00e4sthetisch ansprechenden Zahnfleischverlaufs. Diese Behandlungsmethode korrigiert \u00e4sthetische Probleme wie ein Zahnfleischl\u00e4cheln, unregelm\u00e4\u00dfige Zahnfleischverl\u00e4ufe oder Zahnfleischr\u00fcckgang.<\/p>\t\t\t\t\t\t\t\t<\/div>\n\t\t<div class=\"elementor-element elementor-element-a9c84d9 e-con-full e-flex e-con e-child\" data-id=\"a9c84d9\" data-element_type=\"container\">\n\t\t<div class=\"elementor-element elementor-element-1abd8e1 e-con-full e-flex e-con e-child\" data-id=\"1abd8e1\" data-element_type=\"container\">\n\t\t\t\t<div class=\"elementor-element elementor-element-1f3aab7 at-shiny-glass-effect service-purpose-img at-image-animation at-animation-image-style-1 elementor-widget elementor-widget-image\" data-id=\"1f3aab7\" data-element_type=\"widget\" data-settings=\"{&quot;ekit_we_effect_on&quot;:&quot;none&quot;}\" data-widget_type=\"image.default\">\n\t\t\t\t\t\t\t\t\t\t\t\t\t\t\t<img decoding=\"async\" width=\"725\" height=\"483\" data-src=\"https:\/\/santralclinic.com\/wp-content\/uploads\/2025\/11\/dis-eti-estetigi.jpg.webp\" class=\"attachment-full size-full wp-image-12975 lazyload\" alt=\"\" data-srcset=\"https:\/\/santralclinic.com\/wp-content\/uploads\/2025\/11\/dis-eti-estetigi.jpg.webp 725w, https:\/\/santralclinic.com\/wp-content\/uploads\/2025\/11\/dis-eti-estetigi.jpg-300x200.webp 300w\" data-sizes=\"(max-width: 725px) 100vw, 725px\" src=\"data:image\/svg+xml;base64,PHN2ZyB3aWR0aD0iMSIgaGVpZ2h0PSIxIiB4bWxucz0iaHR0cDovL3d3dy53My5vcmcvMjAwMC9zdmciPjwvc3ZnPg==\" style=\"--smush-placeholder-width: 725px; --smush-placeholder-aspect-ratio: 725\/483;\" \/>\t\t\t\t\t\t\t\t\t\t\t\t\t\t\t<\/div>\n\t\t\t\t<\/div>\n\t\t<div class=\"elementor-element elementor-element-a7e3c7b e-con-full e-flex e-con e-child\" data-id=\"a7e3c7b\" data-element_type=\"container\">\n\t\t\t\t<div class=\"elementor-element elementor-element-2ccb1f9 at-shiny-glass-effect service-purpose-img at-image-animation at-animation-image-style-1 elementor-widget elementor-widget-image\" data-id=\"2ccb1f9\" data-element_type=\"widget\" data-settings=\"{&quot;ekit_we_effect_on&quot;:&quot;none&quot;}\" data-widget_type=\"image.default\">\n\t\t\t\t\t\t\t\t\t\t\t\t\t\t\t<img decoding=\"async\" width=\"1920\" height=\"1080\" data-src=\"https:\/\/santralclinic.com\/wp-content\/uploads\/2025\/11\/pembe-estetik-oncesi-sonrasi.webp\" class=\"attachment-full size-full wp-image-12977 lazyload\" alt=\"\" data-srcset=\"https:\/\/santralclinic.com\/wp-content\/uploads\/2025\/11\/pembe-estetik-oncesi-sonrasi.webp 1920w, https:\/\/santralclinic.com\/wp-content\/uploads\/2025\/11\/pembe-estetik-oncesi-sonrasi-300x169.webp 300w, https:\/\/santralclinic.com\/wp-content\/uploads\/2025\/11\/pembe-estetik-oncesi-sonrasi-1024x576.webp 1024w, https:\/\/santralclinic.com\/wp-content\/uploads\/2025\/11\/pembe-estetik-oncesi-sonrasi-768x432.webp 768w, https:\/\/santralclinic.com\/wp-content\/uploads\/2025\/11\/pembe-estetik-oncesi-sonrasi-1536x864.webp 1536w\" data-sizes=\"(max-width: 1920px) 100vw, 1920px\" src=\"data:image\/svg+xml;base64,PHN2ZyB3aWR0aD0iMSIgaGVpZ2h0PSIxIiB4bWxucz0iaHR0cDovL3d3dy53My5vcmcvMjAwMC9zdmciPjwvc3ZnPg==\" style=\"--smush-placeholder-width: 1920px; --smush-placeholder-aspect-ratio: 1920\/1080;\" \/>\t\t\t\t\t\t\t\t\t\t\t\t\t\t\t<\/div>\n\t\t\t\t<\/div>\n\t\t\t\t<\/div>\n\t\t\t\t<\/div>\n\t\t<div class=\"elementor-element elementor-element-c5f9ce9 e-con-full e-flex e-con e-child\" data-id=\"c5f9ce9\" data-element_type=\"container\">\n\t\t\t\t<div class=\"elementor-element elementor-element-bcec4cf elementor-invisible elementor-widget elementor-widget-text-editor\" data-id=\"bcec4cf\" data-element_type=\"widget\" data-settings=\"{&quot;_animation&quot;:&quot;fadeInUp&quot;,&quot;ekit_we_effect_on&quot;:&quot;none&quot;}\" data-widget_type=\"text-editor.default\">\n\t\t\t\t\t\t\t\t\t<h2>Wer kann Pink Aesthetics in Bursa bekommen?<\/h2><ul><li>Diejenigen, die ein Zahnfleischl\u00e4cheln haben<\/li><li>Personen mit asymmetrischen Zahnfleischlinien<\/li><li>F\u00fcr alle, die ihr L\u00e4cheln perfektionieren m\u00f6chten<\/li><li>Patienten mit Zahnfleischr\u00fcckgang<\/li><\/ul><h2>\u00c4sthetische Zahnfleischbehandlungen in der Santral-Klinik<\/h2><ol><li>L\u00e4chelanalyse und digitale Planung<\/li><li>Schmerzfreie Anwendung mit \u00f6rtlicher Bet\u00e4ubung<\/li><li>Laser- oder chirurgische Korrektur<\/li><li>Genesungsprozess und Pflegeempfehlungen<\/li><\/ol><h2>Warum die Zentralklinik?<\/h2><ul><li>Ein Expertenteam f\u00fcr \u00e4sthetische Zahnmedizin in Bursa<\/li><li>Planung kompatibel mit digitalem L\u00e4cheldesign<\/li><li>Schnelle und schmerzfreie lasergest\u00fctzte Anwendung<\/li><li>Nat\u00fcrliche und symmetrische Ergebnisse<\/li><\/ul><p><strong>F\u00fcr detaillierte Informationen und eine kostenlose Vorabberatung zu \u00e4sthetischen Anwendungen mit Bursa Pink<\/strong><a href=\"https:\/\/santralklinik.com\/iletisim\" rel=\"nofollow noopener\" target=\"_blank\">Vereinbaren Sie jetzt einen Termin.<\/a>Die<\/p>\t\t\t\t\t\t\t\t<\/div>\n\t\t\t\t<div class=\"elementor-element elementor-element-06ed9ba at-heading-animation at-animation-heading-style-3 elementor-widget elementor-widget-heading\" data-id=\"06ed9ba\" data-element_type=\"widget\" data-settings=\"{&quot;ekit_we_effect_on&quot;:&quot;none&quot;}\" data-widget_type=\"heading.default\">\n\t\t\t\t\t<h2 class=\"elementor-heading-title elementor-size-default\">Warum die Zentralklinik?<\/h2>\t\t\t\t<\/div>\n\t\t\t\t<div class=\"elementor-element elementor-element-72e5639 column-2 elementor-align-start elementor-icon-list--layout-traditional elementor-list-item-link-full_width elementor-invisible elementor-widget elementor-widget-icon-list\" data-id=\"72e5639\" data-element_type=\"widget\" data-settings=\"{&quot;_animation&quot;:&quot;fadeInUp&quot;,&quot;_animation_delay&quot;:100,&quot;ekit_we_effect_on&quot;:&quot;none&quot;}\" data-widget_type=\"icon-list.default\">\n\t\t\t\t\t\t\t<ul class=\"elementor-icon-list-items\">\n\t\t\t\t\t\t\t<li class=\"elementor-icon-list-item\">\n\t\t\t\t\t\t\t\t\t\t\t<span class=\"elementor-icon-list-icon\">\n\t\t\t\t\t\t\t<i aria-hidden=\"true\" class=\"fas fa-check-circle\"><\/i>\t\t\t\t\t\t<\/span>\n\t\t\t\t\t\t\t\t\t\t<span class=\"elementor-icon-list-text\">Erfahrenes und \u00e4sthetisch orientiertes Zahnarztteam<\/span>\n\t\t\t\t\t\t\t\t\t<\/li>\n\t\t\t\t\t\t\t\t<li class=\"elementor-icon-list-item\">\n\t\t\t\t\t\t\t\t\t\t\t<span class=\"elementor-icon-list-icon\">\n\t\t\t\t\t\t\t<i aria-hidden=\"true\" class=\"fas fa-check-circle\"><\/i>\t\t\t\t\t\t<\/span>\n\t\t\t\t\t\t\t\t\t\t<span class=\"elementor-icon-list-text\">Digitale Mess- und Planungstechnologien<\/span>\n\t\t\t\t\t\t\t\t\t<\/li>\n\t\t\t\t\t\t\t\t<li class=\"elementor-icon-list-item\">\n\t\t\t\t\t\t\t\t\t\t\t<span class=\"elementor-icon-list-icon\">\n\t\t\t\t\t\t\t<i aria-hidden=\"true\" class=\"fas fa-check-circle\"><\/i>\t\t\t\t\t\t<\/span>\n\t\t\t\t\t\t\t\t\t\t<span class=\"elementor-icon-list-text\">Hohe Patientenzufriedenheit und nat\u00fcrliche Ergebnisse<\/span>\n\t\t\t\t\t\t\t\t\t<\/li>\n\t\t\t\t\t\t\t\t<li class=\"elementor-icon-list-item\">\n\t\t\t\t\t\t\t\t\t\t\t<span class=\"elementor-icon-list-icon\">\n\t\t\t\t\t\t\t<i aria-hidden=\"true\" class=\"fas fa-check-circle\"><\/i>\t\t\t\t\t\t<\/span>\n\t\t\t\t\t\t\t\t\t\t<span class=\"elementor-icon-list-text\">Eine moderne Klinikumgebung in zentraler Lage in Bursa<\/span>\n\t\t\t\t\t\t\t\t\t<\/li>\n\t\t\t\t\t\t<\/ul>\n\t\t\t\t\t\t<\/div>\n\t\t\t\t<\/div>\n\t\t\t\t<\/div>\n\t\t\t\t\t<\/div>\n\t\t\t\t<\/div>\n\t\t\t\t<\/div>","protected":false},"excerpt":{"rendered":"<p>Rosa \u00c4sthetik Di\u011fer Tedavilerimiz G\u00fcl\u00fc\u015f Tasar\u0131m\u0131 Porselen Lamina Di\u015f \u00c7ocuk Di\u015f Kanal [&hellip;]<\/p>","protected":false},"author":1,"featured_media":0,"parent":13251,"menu_order":0,"comment_status":"closed","ping_status":"closed","template":"elementor_header_footer","meta":{"inline_featured_image":false,"footnotes":""},"class_list":["post-13353","page","type-page","status-publish","hentry"],"_links":{"self":[{"href":"https:\/\/santralclinic.com\/de\/wp-json\/wp\/v2\/pages\/13353","targetHints":{"allow":["GET"]}}],"collection":[{"href":"https:\/\/santralclinic.com\/de\/wp-json\/wp\/v2\/pages"}],"about":[{"href":"https:\/\/santralclinic.com\/de\/wp-json\/wp\/v2\/types\/page"}],"author":[{"embeddable":true,"href":"https:\/\/santralclinic.com\/de\/wp-json\/wp\/v2\/users\/1"}],"replies":[{"embeddable":true,"href":"https:\/\/santralclinic.com\/de\/wp-json\/wp\/v2\/comments?post=13353"}],"version-history":[{"count":1,"href":"https:\/\/santralclinic.com\/de\/wp-json\/wp\/v2\/pages\/13353\/revisions"}],"predecessor-version":[{"id":13354,"href":"https:\/\/santralclinic.com\/de\/wp-json\/wp\/v2\/pages\/13353\/revisions\/13354"}],"up":[{"embeddable":true,"href":"https:\/\/santralclinic.com\/de\/wp-json\/wp\/v2\/pages\/13251"}],"wp:attachment":[{"href":"https:\/\/santralclinic.com\/de\/wp-json\/wp\/v2\/media?parent=13353"}],"curies":[{"name":"wp","href":"https:\/\/api.w.org\/{rel}","templated":true}]}}