{"id":13293,"date":"2025-09-24T05:15:37","date_gmt":"2025-09-24T05:15:37","guid":{"rendered":"https:\/\/santralclinic.com\/?page_id=12894"},"modified":"2025-11-26T16:15:27","modified_gmt":"2025-11-26T16:15:27","slug":"weisheitszahne","status":"publish","type":"page","link":"https:\/\/santralclinic.com\/de\/behandlungen\/weisheitszahne\/","title":{"rendered":"Weisheitsz\u00e4hne"},"content":{"rendered":"<div data-elementor-type=\"wp-page\" data-elementor-id=\"13293\" class=\"elementor elementor-13293\" data-elementor-post-type=\"page\">\n\t\t\t\t<div class=\"elementor-element elementor-element-bba4543 e-flex e-con-boxed e-con e-parent\" data-id=\"bba4543\" data-element_type=\"container\">\n\t\t\t\t\t<div class=\"e-con-inner\">\n\t\t<div class=\"elementor-element elementor-element-add6874 page-header-section e-flex e-con-boxed e-con e-child\" data-id=\"add6874\" data-element_type=\"container\" data-settings=\"{&quot;background_background&quot;:&quot;classic&quot;}\">\n\t\t\t\t\t<div class=\"e-con-inner\">\n\t\t<div class=\"elementor-element elementor-element-726f60f e-con-full e-flex e-con e-child\" data-id=\"726f60f\" data-element_type=\"container\">\n\t\t\t\t<div class=\"elementor-element elementor-element-0f99adb at-heading-animation at-animation-heading-style-3 elementor-widget elementor-widget-heading\" data-id=\"0f99adb\" data-element_type=\"widget\" data-settings=\"{&quot;ekit_we_effect_on&quot;:&quot;none&quot;}\" data-widget_type=\"heading.default\">\n\t\t\t\t\t<h1 class=\"elementor-heading-title elementor-size-default\">Weisheitszahnentfernung<\/h1>\t\t\t\t<\/div>\n\t\t\t\t<\/div>\n\t\t\t\t\t<\/div>\n\t\t\t\t<\/div>\n\t\t\t\t\t<\/div>\n\t\t\t\t<\/div>\n\t\t<div class=\"elementor-element elementor-element-e870d51 e-flex e-con-boxed e-con e-parent\" data-id=\"e870d51\" data-element_type=\"container\">\n\t\t\t\t\t<div class=\"e-con-inner\">\n\t\t<div class=\"elementor-element elementor-element-7d22810 e-con-full e-flex e-con e-child\" data-id=\"7d22810\" data-element_type=\"container\">\n\t\t<div class=\"elementor-element elementor-element-57bcc08 e-con-full sticky-column e-flex e-con e-child\" data-id=\"57bcc08\" data-element_type=\"container\">\n\t\t<div class=\"elementor-element elementor-element-e2c5f9b e-con-full e-flex elementor-invisible e-con e-child\" data-id=\"e2c5f9b\" data-element_type=\"container\" data-settings=\"{&quot;animation&quot;:&quot;fadeInUp&quot;}\">\n\t\t\t\t<div class=\"elementor-element elementor-element-59e6af8 elementor-widget elementor-widget-denture-elementor-template\" data-id=\"59e6af8\" data-element_type=\"widget\" data-settings=\"{&quot;ekit_we_effect_on&quot;:&quot;none&quot;}\" data-widget_type=\"denture-elementor-template.default\">\n\t\t\t\t<div class=\"elementor-widget-container\">\n\t\t\t\t\t\t\t<div class=\"elementor-template\">\n\t\t\t\t\t<div data-elementor-type=\"section\" data-elementor-id=\"5758\" class=\"elementor elementor-5758\" data-elementor-post-type=\"elementor_library\">\n\t\t\t<div class=\"elementor-element elementor-element-af238dd e-con-full e-flex e-con e-child\" data-id=\"af238dd\" data-element_type=\"container\" data-settings=\"{&quot;background_background&quot;:&quot;classic&quot;}\">\n\t\t\t\t<div class=\"elementor-element elementor-element-851787d at-heading-animation at-animation-heading-none elementor-widget elementor-widget-heading\" data-id=\"851787d\" data-element_type=\"widget\" data-settings=\"{&quot;ekit_we_effect_on&quot;:&quot;none&quot;}\" data-widget_type=\"heading.default\">\n\t\t\t\t\t<h3 class=\"elementor-heading-title elementor-size-default\">Di\u011fer Tedavilerimiz<\/h3>\t\t\t\t<\/div>\n\t\t\t\t<div class=\"elementor-element elementor-element-f42ff3b page-category-list elementor-icon-list--layout-traditional elementor-list-item-link-full_width elementor-widget elementor-widget-icon-list\" data-id=\"f42ff3b\" data-element_type=\"widget\" data-settings=\"{&quot;ekit_we_effect_on&quot;:&quot;none&quot;}\" data-widget_type=\"icon-list.default\">\n\t\t\t\t\t\t\t<ul class=\"elementor-icon-list-items\">\n\t\t\t\t\t\t\t<li class=\"elementor-icon-list-item\">\n\t\t\t\t\t\t\t\t\t\t\t<a href=\"https:\/\/santralclinic.com\/de\/tedaviler\/gulus-tasarimi\/\">\n\n\t\t\t\t\t\t\t\t\t\t\t\t<span class=\"elementor-icon-list-icon\">\n\t\t\t\t\t\t\t<svg xmlns=\"http:\/\/www.w3.org\/2000\/svg\" width=\"20\" height=\"20\" viewbox=\"0 0 20 20\" fill=\"currentColor\"><path fill-rule=\"evenodd\" clip-rule=\"evenodd\" d=\"M16.1996 9.16687C14.2492 9.16687 12.4716 7.31603 12.4716 5.28353V4.4502H10.8716V5.28353C10.8716 6.76186 11.494 8.14853 12.4708 9.16687H2.59961V10.8335H12.4708C11.494 11.8519 10.8716 13.2385 10.8716 14.7169V15.5502H12.4716V14.7169C12.4716 12.6844 14.2492 10.8335 16.1996 10.8335H16.9996V9.16687H16.1996Z\"><\/path><\/svg>\t\t\t\t\t\t<\/span>\n\t\t\t\t\t\t\t\t\t\t<span class=\"elementor-icon-list-text\">G\u00fcl\u00fc\u015f Tasar\u0131m\u0131<\/span>\n\t\t\t\t\t\t\t\t\t\t\t<\/a>\n\t\t\t\t\t\t\t\t\t<\/li>\n\t\t\t\t\t\t\t\t<li class=\"elementor-icon-list-item\">\n\t\t\t\t\t\t\t\t\t\t\t<a href=\"https:\/\/santralclinic.com\/de\/tedaviler\/porselen-lamina-dis\/\">\n\n\t\t\t\t\t\t\t\t\t\t\t\t<span class=\"elementor-icon-list-icon\">\n\t\t\t\t\t\t\t<svg xmlns=\"http:\/\/www.w3.org\/2000\/svg\" width=\"20\" height=\"20\" viewbox=\"0 0 20 20\" fill=\"currentColor\"><path fill-rule=\"evenodd\" clip-rule=\"evenodd\" d=\"M16.1996 9.16687C14.2492 9.16687 12.4716 7.31603 12.4716 5.28353V4.4502H10.8716V5.28353C10.8716 6.76186 11.494 8.14853 12.4708 9.16687H2.59961V10.8335H12.4708C11.494 11.8519 10.8716 13.2385 10.8716 14.7169V15.5502H12.4716V14.7169C12.4716 12.6844 14.2492 10.8335 16.1996 10.8335H16.9996V9.16687H16.1996Z\"><\/path><\/svg>\t\t\t\t\t\t<\/span>\n\t\t\t\t\t\t\t\t\t\t<span class=\"elementor-icon-list-text\">Porselen Lamina Di\u015f<\/span>\n\t\t\t\t\t\t\t\t\t\t\t<\/a>\n\t\t\t\t\t\t\t\t\t<\/li>\n\t\t\t\t\t\t\t\t<li class=\"elementor-icon-list-item\">\n\t\t\t\t\t\t\t\t\t\t\t<a href=\"https:\/\/santralclinic.com\/de\/tedaviler\/cocuk-dis\/\">\n\n\t\t\t\t\t\t\t\t\t\t\t\t<span class=\"elementor-icon-list-icon\">\n\t\t\t\t\t\t\t<svg xmlns=\"http:\/\/www.w3.org\/2000\/svg\" width=\"20\" height=\"20\" viewbox=\"0 0 20 20\" fill=\"currentColor\"><path fill-rule=\"evenodd\" clip-rule=\"evenodd\" d=\"M16.1996 9.16687C14.2492 9.16687 12.4716 7.31603 12.4716 5.28353V4.4502H10.8716V5.28353C10.8716 6.76186 11.494 8.14853 12.4708 9.16687H2.59961V10.8335H12.4708C11.494 11.8519 10.8716 13.2385 10.8716 14.7169V15.5502H12.4716V14.7169C12.4716 12.6844 14.2492 10.8335 16.1996 10.8335H16.9996V9.16687H16.1996Z\"><\/path><\/svg>\t\t\t\t\t\t<\/span>\n\t\t\t\t\t\t\t\t\t\t<span class=\"elementor-icon-list-text\">\u00c7ocuk Di\u015f<\/span>\n\t\t\t\t\t\t\t\t\t\t\t<\/a>\n\t\t\t\t\t\t\t\t\t<\/li>\n\t\t\t\t\t\t\t\t<li class=\"elementor-icon-list-item\">\n\t\t\t\t\t\t\t\t\t\t\t<a href=\"https:\/\/santralclinic.com\/de\/tedaviler\/kanal-tedavisi-3\/\">\n\n\t\t\t\t\t\t\t\t\t\t\t\t<span class=\"elementor-icon-list-icon\">\n\t\t\t\t\t\t\t<svg xmlns=\"http:\/\/www.w3.org\/2000\/svg\" width=\"20\" height=\"20\" viewbox=\"0 0 20 20\" fill=\"currentColor\"><path fill-rule=\"evenodd\" clip-rule=\"evenodd\" d=\"M16.1996 9.16687C14.2492 9.16687 12.4716 7.31603 12.4716 5.28353V4.4502H10.8716V5.28353C10.8716 6.76186 11.494 8.14853 12.4708 9.16687H2.59961V10.8335H12.4708C11.494 11.8519 10.8716 13.2385 10.8716 14.7169V15.5502H12.4716V14.7169C12.4716 12.6844 14.2492 10.8335 16.1996 10.8335H16.9996V9.16687H16.1996Z\"><\/path><\/svg>\t\t\t\t\t\t<\/span>\n\t\t\t\t\t\t\t\t\t\t<span class=\"elementor-icon-list-text\">Kanal Tedavisi<\/span>\n\t\t\t\t\t\t\t\t\t\t\t<\/a>\n\t\t\t\t\t\t\t\t\t<\/li>\n\t\t\t\t\t\t\t\t<li class=\"elementor-icon-list-item\">\n\t\t\t\t\t\t\t\t\t\t\t<a href=\"https:\/\/santralclinic.com\/de\/tedaviler\/eklem-tedavisi\/\">\n\n\t\t\t\t\t\t\t\t\t\t\t\t<span class=\"elementor-icon-list-icon\">\n\t\t\t\t\t\t\t<svg xmlns=\"http:\/\/www.w3.org\/2000\/svg\" width=\"20\" height=\"20\" viewbox=\"0 0 20 20\" fill=\"currentColor\"><path fill-rule=\"evenodd\" clip-rule=\"evenodd\" d=\"M16.1996 9.16687C14.2492 9.16687 12.4716 7.31603 12.4716 5.28353V4.4502H10.8716V5.28353C10.8716 6.76186 11.494 8.14853 12.4708 9.16687H2.59961V10.8335H12.4708C11.494 11.8519 10.8716 13.2385 10.8716 14.7169V15.5502H12.4716V14.7169C12.4716 12.6844 14.2492 10.8335 16.1996 10.8335H16.9996V9.16687H16.1996Z\"><\/path><\/svg>\t\t\t\t\t\t<\/span>\n\t\t\t\t\t\t\t\t\t\t<span class=\"elementor-icon-list-text\">Eklem Tedavisi<\/span>\n\t\t\t\t\t\t\t\t\t\t\t<\/a>\n\t\t\t\t\t\t\t\t\t<\/li>\n\t\t\t\t\t\t\t\t<li class=\"elementor-icon-list-item\">\n\t\t\t\t\t\t\t\t\t\t\t<a href=\"https:\/\/santralclinic.com\/de\/tedaviler\/masseter-botoks\/\">\n\n\t\t\t\t\t\t\t\t\t\t\t\t<span class=\"elementor-icon-list-icon\">\n\t\t\t\t\t\t\t<svg xmlns=\"http:\/\/www.w3.org\/2000\/svg\" width=\"20\" height=\"20\" viewbox=\"0 0 20 20\" fill=\"currentColor\"><path fill-rule=\"evenodd\" clip-rule=\"evenodd\" d=\"M16.1996 9.16687C14.2492 9.16687 12.4716 7.31603 12.4716 5.28353V4.4502H10.8716V5.28353C10.8716 6.76186 11.494 8.14853 12.4708 9.16687H2.59961V10.8335H12.4708C11.494 11.8519 10.8716 13.2385 10.8716 14.7169V15.5502H12.4716V14.7169C12.4716 12.6844 14.2492 10.8335 16.1996 10.8335H16.9996V9.16687H16.1996Z\"><\/path><\/svg>\t\t\t\t\t\t<\/span>\n\t\t\t\t\t\t\t\t\t\t<span class=\"elementor-icon-list-text\">Masseter Botoks<\/span>\n\t\t\t\t\t\t\t\t\t\t\t<\/a>\n\t\t\t\t\t\t\t\t\t<\/li>\n\t\t\t\t\t\t\t\t<li class=\"elementor-icon-list-item\">\n\t\t\t\t\t\t\t\t\t\t\t<a href=\"https:\/\/santralclinic.com\/de\/tedaviler\/pembe-estetik\/\">\n\n\t\t\t\t\t\t\t\t\t\t\t\t<span class=\"elementor-icon-list-icon\">\n\t\t\t\t\t\t\t<svg xmlns=\"http:\/\/www.w3.org\/2000\/svg\" width=\"20\" height=\"20\" viewbox=\"0 0 20 20\" fill=\"currentColor\"><path fill-rule=\"evenodd\" clip-rule=\"evenodd\" d=\"M16.1996 9.16687C14.2492 9.16687 12.4716 7.31603 12.4716 5.28353V4.4502H10.8716V5.28353C10.8716 6.76186 11.494 8.14853 12.4708 9.16687H2.59961V10.8335H12.4708C11.494 11.8519 10.8716 13.2385 10.8716 14.7169V15.5502H12.4716V14.7169C12.4716 12.6844 14.2492 10.8335 16.1996 10.8335H16.9996V9.16687H16.1996Z\"><\/path><\/svg>\t\t\t\t\t\t<\/span>\n\t\t\t\t\t\t\t\t\t\t<span class=\"elementor-icon-list-text\">Pembe Estetik<\/span>\n\t\t\t\t\t\t\t\t\t\t\t<\/a>\n\t\t\t\t\t\t\t\t\t<\/li>\n\t\t\t\t\t\t\t\t<li class=\"elementor-icon-list-item\">\n\t\t\t\t\t\t\t\t\t\t\t<a href=\"https:\/\/santralclinic.com\/de\/tedaviler\/ortodonti-2\/\">\n\n\t\t\t\t\t\t\t\t\t\t\t\t<span class=\"elementor-icon-list-icon\">\n\t\t\t\t\t\t\t<svg xmlns=\"http:\/\/www.w3.org\/2000\/svg\" width=\"20\" height=\"20\" viewbox=\"0 0 20 20\" fill=\"currentColor\"><path fill-rule=\"evenodd\" clip-rule=\"evenodd\" d=\"M16.1996 9.16687C14.2492 9.16687 12.4716 7.31603 12.4716 5.28353V4.4502H10.8716V5.28353C10.8716 6.76186 11.494 8.14853 12.4708 9.16687H2.59961V10.8335H12.4708C11.494 11.8519 10.8716 13.2385 10.8716 14.7169V15.5502H12.4716V14.7169C12.4716 12.6844 14.2492 10.8335 16.1996 10.8335H16.9996V9.16687H16.1996Z\"><\/path><\/svg>\t\t\t\t\t\t<\/span>\n\t\t\t\t\t\t\t\t\t\t<span class=\"elementor-icon-list-text\">Ortodonti<\/span>\n\t\t\t\t\t\t\t\t\t\t\t<\/a>\n\t\t\t\t\t\t\t\t\t<\/li>\n\t\t\t\t\t\t\t\t<li class=\"elementor-icon-list-item\">\n\t\t\t\t\t\t\t\t\t\t\t<a href=\"https:\/\/santralclinic.com\/de\/tedaviler\/dis-beyazlatma\/\">\n\n\t\t\t\t\t\t\t\t\t\t\t\t<span class=\"elementor-icon-list-icon\">\n\t\t\t\t\t\t\t<svg xmlns=\"http:\/\/www.w3.org\/2000\/svg\" width=\"20\" height=\"20\" viewbox=\"0 0 20 20\" fill=\"currentColor\"><path fill-rule=\"evenodd\" clip-rule=\"evenodd\" d=\"M16.1996 9.16687C14.2492 9.16687 12.4716 7.31603 12.4716 5.28353V4.4502H10.8716V5.28353C10.8716 6.76186 11.494 8.14853 12.4708 9.16687H2.59961V10.8335H12.4708C11.494 11.8519 10.8716 13.2385 10.8716 14.7169V15.5502H12.4716V14.7169C12.4716 12.6844 14.2492 10.8335 16.1996 10.8335H16.9996V9.16687H16.1996Z\"><\/path><\/svg>\t\t\t\t\t\t<\/span>\n\t\t\t\t\t\t\t\t\t\t<span class=\"elementor-icon-list-text\">Di\u015f Beyazlatma<\/span>\n\t\t\t\t\t\t\t\t\t\t\t<\/a>\n\t\t\t\t\t\t\t\t\t<\/li>\n\t\t\t\t\t\t\t\t<li class=\"elementor-icon-list-item\">\n\t\t\t\t\t\t\t\t\t\t\t<a href=\"https:\/\/santralclinic.com\/de\/tedaviler\/20-yas-dis-cekimi\/\">\n\n\t\t\t\t\t\t\t\t\t\t\t\t<span class=\"elementor-icon-list-icon\">\n\t\t\t\t\t\t\t<svg xmlns=\"http:\/\/www.w3.org\/2000\/svg\" width=\"20\" height=\"20\" viewbox=\"0 0 20 20\" fill=\"currentColor\"><path fill-rule=\"evenodd\" clip-rule=\"evenodd\" d=\"M16.1996 9.16687C14.2492 9.16687 12.4716 7.31603 12.4716 5.28353V4.4502H10.8716V5.28353C10.8716 6.76186 11.494 8.14853 12.4708 9.16687H2.59961V10.8335H12.4708C11.494 11.8519 10.8716 13.2385 10.8716 14.7169V15.5502H12.4716V14.7169C12.4716 12.6844 14.2492 10.8335 16.1996 10.8335H16.9996V9.16687H16.1996Z\"><\/path><\/svg>\t\t\t\t\t\t<\/span>\n\t\t\t\t\t\t\t\t\t\t<span class=\"elementor-icon-list-text\">20 Ya\u015f Di\u015fleri<\/span>\n\t\t\t\t\t\t\t\t\t\t\t<\/a>\n\t\t\t\t\t\t\t\t\t<\/li>\n\t\t\t\t\t\t<\/ul>\n\t\t\t\t\t\t<\/div>\n\t\t\t\t<\/div>\n\t\t\t\t<\/div>\n\t\t\t\t<\/div>\n\t\t\t\t\t\t<\/div>\n\t\t\t\t<\/div>\n\t\t\t\t<\/div>\n\t\t\t\t<\/div>\n\t\t\t\t<\/div>\n\t\t<div class=\"elementor-element elementor-element-afdc4a7 e-con-full e-flex e-con e-child\" data-id=\"afdc4a7\" data-element_type=\"container\">\n\t\t<div class=\"elementor-element elementor-element-7c8055d e-con-full e-flex e-con e-child\" data-id=\"7c8055d\" data-element_type=\"container\">\n\t\t\t\t<div class=\"elementor-element elementor-element-8b15807 at-shiny-glass-effect page-single-image at-image-animation at-animation-image-style-1 elementor-widget elementor-widget-image\" data-id=\"8b15807\" data-element_type=\"widget\" data-settings=\"{&quot;ekit_we_effect_on&quot;:&quot;none&quot;}\" data-widget_type=\"image.default\">\n\t\t\t\t\t\t\t\t\t\t\t\t\t\t\t<img fetchpriority=\"high\" decoding=\"async\" width=\"1600\" height=\"800\" src=\"https:\/\/santralclinic.com\/wp-content\/uploads\/2025\/11\/20lik-dis.jpg.webp\" class=\"attachment-full size-full wp-image-12898\" alt=\"\" srcset=\"https:\/\/santralclinic.com\/wp-content\/uploads\/2025\/11\/20lik-dis.jpg.webp 1600w, https:\/\/santralclinic.com\/wp-content\/uploads\/2025\/11\/20lik-dis.jpg-300x150.webp 300w, https:\/\/santralclinic.com\/wp-content\/uploads\/2025\/11\/20lik-dis.jpg-1024x512.webp 1024w, https:\/\/santralclinic.com\/wp-content\/uploads\/2025\/11\/20lik-dis.jpg-768x384.webp 768w, https:\/\/santralclinic.com\/wp-content\/uploads\/2025\/11\/20lik-dis.jpg-1536x768.webp 1536w\" sizes=\"(max-width: 1600px) 100vw, 1600px\" \/>\t\t\t\t\t\t\t\t\t\t\t\t\t\t\t<\/div>\n\t\t\t\t<\/div>\n\t\t<div class=\"elementor-element elementor-element-6fb1671 e-con-full e-flex e-con e-child\" data-id=\"6fb1671\" data-element_type=\"container\">\n\t\t\t\t<div class=\"elementor-element elementor-element-57565e3 at-heading-animation at-animation-heading-style-3 elementor-widget elementor-widget-heading\" data-id=\"57565e3\" data-element_type=\"widget\" data-settings=\"{&quot;ekit_we_effect_on&quot;:&quot;none&quot;}\" data-widget_type=\"heading.default\">\n\t\t\t\t\t<h2 class=\"elementor-heading-title elementor-size-default\">Weisheitszahnentfernung<\/h2>\t\t\t\t<\/div>\n\t\t\t\t<div class=\"elementor-element elementor-element-33b7481 elementor-invisible elementor-widget elementor-widget-text-editor\" data-id=\"33b7481\" data-element_type=\"widget\" data-settings=\"{&quot;_animation&quot;:&quot;fadeInUp&quot;,&quot;ekit_we_effect_on&quot;:&quot;none&quot;}\" data-widget_type=\"text-editor.default\">\n\t\t\t\t\t\t\t\t\t<p><strong>Komfortable Weisheitszahnbehandlung durch erfahrene Chirurgen<\/strong><\/p><p>Weisheitsz\u00e4hne brechen oft verlagert oder teilweise verlagert durch, wenn im Kiefer nicht gen\u00fcgend Platz vorhanden ist. Dies kann zu Schmerzen, Entz\u00fcndungen und Fehlstellungen f\u00fchren. Als Santral-Klinik in Bursa <strong>Weisheitszahnentfernung<\/strong> Die Eingriffe werden von unseren erfahrenen Kieferchirurgen sicher durchgef\u00fchrt.<\/p>\t\t\t\t\t\t\t\t<\/div>\n\t\t\t\t<\/div>\n\t\t<div class=\"elementor-element elementor-element-7ce2a49 e-con-full e-flex e-con e-child\" data-id=\"7ce2a49\" data-element_type=\"container\">\n\t\t\t\t<div class=\"elementor-element elementor-element-7318d40 at-heading-animation at-animation-heading-style-3 elementor-widget elementor-widget-heading\" data-id=\"7318d40\" data-element_type=\"widget\" data-settings=\"{&quot;ekit_we_effect_on&quot;:&quot;none&quot;}\" data-widget_type=\"heading.default\">\n\t\t\t\t\t<h2 class=\"elementor-heading-title elementor-size-default\"><span style=\"font-family: var(--h2-font-family,inherit);letter-spacing: var(--h2-letter-spacing,inherit);white-space: normal;margin-top: 0px;margin-right: 0px;margin-bottom: var(--h2-margin-bottom,1.5rem);margin-left: 0px;padding-top: 1.5rem;font-weight: var(--h2-font-weight,inherit);font-size: var(--h2-font-size,inherit);line-height: var(--h2-line-height,1.4)\">Was ist ein Weisheitszahn und warum wird er entfernt?<\/span><\/h2>\t\t\t\t<\/div>\n\t\t\t\t<div class=\"elementor-element elementor-element-242bb42 elementor-invisible elementor-widget elementor-widget-text-editor\" data-id=\"242bb42\" data-element_type=\"widget\" data-settings=\"{&quot;_animation&quot;:&quot;fadeInUp&quot;,&quot;ekit_we_effect_on&quot;:&quot;none&quot;}\" data-widget_type=\"text-editor.default\">\n\t\t\t\t\t\t\t\t\t<p>Die dritten Molaren, die typischerweise zwischen dem 17. und 25. Lebensjahr durchbrechen, werden als Weisheitsz\u00e4hne bezeichnet. Sie k\u00f6nnen verlagert, waagerecht oder nur teilweise durchgebrochen sein. Die Entfernung dieser Z\u00e4hne erfolgt, um Schmerzen, Abszesse, Karies oder kieferorthop\u00e4dische Probleme zu vermeiden.<\/p>\t\t\t\t\t\t\t\t<\/div>\n\t\t<div class=\"elementor-element elementor-element-a9c84d9 e-con-full e-flex e-con e-child\" data-id=\"a9c84d9\" data-element_type=\"container\">\n\t\t<div class=\"elementor-element elementor-element-1abd8e1 e-con-full e-flex e-con e-child\" data-id=\"1abd8e1\" data-element_type=\"container\">\n\t\t\t\t<div class=\"elementor-element elementor-element-1f3aab7 at-shiny-glass-effect service-purpose-img at-image-animation at-animation-image-style-1 elementor-widget elementor-widget-image\" data-id=\"1f3aab7\" data-element_type=\"widget\" data-settings=\"{&quot;ekit_we_effect_on&quot;:&quot;none&quot;}\" data-widget_type=\"image.default\">\n\t\t\t\t\t\t\t\t\t\t\t\t\t\t\t<img decoding=\"async\" width=\"1740\" height=\"729\" data-src=\"https:\/\/santralclinic.com\/wp-content\/uploads\/2025\/11\/20lik-dis-cekimi-4.png.webp\" class=\"attachment-full size-full wp-image-12896 lazyload\" alt=\"\" data-srcset=\"https:\/\/santralclinic.com\/wp-content\/uploads\/2025\/11\/20lik-dis-cekimi-4.png.webp 1740w, https:\/\/santralclinic.com\/wp-content\/uploads\/2025\/11\/20lik-dis-cekimi-4.png-300x126.webp 300w, https:\/\/santralclinic.com\/wp-content\/uploads\/2025\/11\/20lik-dis-cekimi-4.png-1024x429.webp 1024w, https:\/\/santralclinic.com\/wp-content\/uploads\/2025\/11\/20lik-dis-cekimi-4.png-768x322.webp 768w, https:\/\/santralclinic.com\/wp-content\/uploads\/2025\/11\/20lik-dis-cekimi-4.png-1536x644.webp 1536w\" data-sizes=\"(max-width: 1740px) 100vw, 1740px\" src=\"data:image\/svg+xml;base64,PHN2ZyB3aWR0aD0iMSIgaGVpZ2h0PSIxIiB4bWxucz0iaHR0cDovL3d3dy53My5vcmcvMjAwMC9zdmciPjwvc3ZnPg==\" style=\"--smush-placeholder-width: 1740px; --smush-placeholder-aspect-ratio: 1740\/729;\" \/>\t\t\t\t\t\t\t\t\t\t\t\t\t\t\t<\/div>\n\t\t\t\t<\/div>\n\t\t<div class=\"elementor-element elementor-element-a7e3c7b e-con-full e-flex e-con e-child\" data-id=\"a7e3c7b\" data-element_type=\"container\">\n\t\t\t\t<div class=\"elementor-element elementor-element-2ccb1f9 at-shiny-glass-effect service-purpose-img at-image-animation at-animation-image-style-1 elementor-widget elementor-widget-image\" data-id=\"2ccb1f9\" data-element_type=\"widget\" data-settings=\"{&quot;ekit_we_effect_on&quot;:&quot;none&quot;}\" data-widget_type=\"image.default\">\n\t\t\t\t\t\t\t\t\t\t\t\t\t\t\t<img decoding=\"async\" width=\"1500\" height=\"1500\" data-src=\"https:\/\/santralclinic.com\/wp-content\/uploads\/2025\/11\/bursa-20-yas-disleri.jpg.webp\" class=\"attachment-full size-full wp-image-12897 lazyload\" alt=\"\" data-srcset=\"https:\/\/santralclinic.com\/wp-content\/uploads\/2025\/11\/bursa-20-yas-disleri.jpg.webp 1500w, https:\/\/santralclinic.com\/wp-content\/uploads\/2025\/11\/bursa-20-yas-disleri.jpg-300x300.webp 300w, https:\/\/santralclinic.com\/wp-content\/uploads\/2025\/11\/bursa-20-yas-disleri.jpg-1024x1024.webp 1024w, https:\/\/santralclinic.com\/wp-content\/uploads\/2025\/11\/bursa-20-yas-disleri.jpg-150x150.webp 150w, https:\/\/santralclinic.com\/wp-content\/uploads\/2025\/11\/bursa-20-yas-disleri.jpg-768x768.webp 768w\" data-sizes=\"(max-width: 1500px) 100vw, 1500px\" src=\"data:image\/svg+xml;base64,PHN2ZyB3aWR0aD0iMSIgaGVpZ2h0PSIxIiB4bWxucz0iaHR0cDovL3d3dy53My5vcmcvMjAwMC9zdmciPjwvc3ZnPg==\" style=\"--smush-placeholder-width: 1500px; --smush-placeholder-aspect-ratio: 1500\/1500;\" \/>\t\t\t\t\t\t\t\t\t\t\t\t\t\t\t<\/div>\n\t\t\t\t<\/div>\n\t\t\t\t<\/div>\n\t\t\t\t<\/div>\n\t\t<div class=\"elementor-element elementor-element-c5f9ce9 e-con-full e-flex e-con e-child\" data-id=\"c5f9ce9\" data-element_type=\"container\">\n\t\t\t\t<div class=\"elementor-element elementor-element-bcec4cf elementor-invisible elementor-widget elementor-widget-text-editor\" data-id=\"bcec4cf\" data-element_type=\"widget\" data-settings=\"{&quot;_animation&quot;:&quot;fadeInUp&quot;,&quot;ekit_we_effect_on&quot;:&quot;none&quot;}\" data-widget_type=\"text-editor.default\">\n\t\t\t\t\t\t\t\t\t<h2>Welche Probleme k\u00f6nnen mit Weisheitsz\u00e4hnen auftreten?<\/h2><ul><li>Pochende Schmerzen im Gesicht und Kiefer<\/li><li>Geschwollenes Zahnfleisch und Schwierigkeiten beim \u00d6ffnen des Mundes<\/li><li>Risiko von Druck und Verformung an benachbarten Z\u00e4hnen<\/li><li>Wiederkehrende Infektion (Perikoronitis)<\/li><\/ul><h2>Behandlungsablauf in der Bursa Central Clinic<\/h2><ol><li>Beurteilung der Zahnstellung mittels digitaler Panorama-R\u00f6ntgenaufnahme<\/li><li>Kieferoperationsplanung bei retinierten Z\u00e4hnen<\/li><li>Schmerzfreie Zahnextraktion unter \u00f6rtlicher Bet\u00e4ubung<\/li><li>Empfehlungen f\u00fcr die t\u00e4gliche Pflege und Genesung<\/li><\/ol><h2>Warum sind Sie in der Santral-Klinik sicher?<\/h2><ul><li>Behandlung durch erfahrene Kieferchirurgen in Bursa<\/li><li>Digitale R\u00f6ntgen- und fortschrittliche Bildgebungssysteme<\/li><li>Komfortable, schmerzfreie und schnell heilende Eingriffe<\/li><li>Modernes, hygienisches und patientenfreundliches klinisches Umfeld<\/li><\/ul><h2>Worauf sollte man nach dem Durchbruch der Weisheitsz\u00e4hne achten?<\/h2><p>In den ersten 24 Stunden nach der Zahnentfernung sollten Sie auf hei\u00dfe Speisen verzichten, Tampons verwenden und auf Mundsp\u00fclungen verzichten. Kalte Kompressen und die von Ihrem Arzt empfohlenen Schmerzmittel\/Tropfen tragen zu einer angenehmen Genesung bei.<\/p><div class=\"call-to-action\"><p><strong>Weisheitszahnentfernung in Bursa <a href=\"https:\/\/www.doktortakvimi.com\/emre-ozturk-3\/dis-hekimi\/bursa\" target=\"_blank\" rel=\"noopener nofollow\">Vereinbaren Sie jetzt einen Termin.<\/a>Beende deinen Schmerz mit Trost.<\/strong><\/p><\/div>\t\t\t\t\t\t\t\t<\/div>\n\t\t\t\t<div class=\"elementor-element elementor-element-06ed9ba at-heading-animation at-animation-heading-style-3 elementor-widget elementor-widget-heading\" data-id=\"06ed9ba\" data-element_type=\"widget\" data-settings=\"{&quot;ekit_we_effect_on&quot;:&quot;none&quot;}\" data-widget_type=\"heading.default\">\n\t\t\t\t\t<h2 class=\"elementor-heading-title elementor-size-default\">Warum die Zentralklinik?<\/h2>\t\t\t\t<\/div>\n\t\t\t\t<div class=\"elementor-element elementor-element-72e5639 column-2 elementor-align-start elementor-icon-list--layout-traditional elementor-list-item-link-full_width elementor-invisible elementor-widget elementor-widget-icon-list\" data-id=\"72e5639\" data-element_type=\"widget\" data-settings=\"{&quot;_animation&quot;:&quot;fadeInUp&quot;,&quot;_animation_delay&quot;:100,&quot;ekit_we_effect_on&quot;:&quot;none&quot;}\" data-widget_type=\"icon-list.default\">\n\t\t\t\t\t\t\t<ul class=\"elementor-icon-list-items\">\n\t\t\t\t\t\t\t<li class=\"elementor-icon-list-item\">\n\t\t\t\t\t\t\t\t\t\t\t<span class=\"elementor-icon-list-icon\">\n\t\t\t\t\t\t\t<i aria-hidden=\"true\" class=\"fas fa-check-circle\"><\/i>\t\t\t\t\t\t<\/span>\n\t\t\t\t\t\t\t\t\t\t<span class=\"elementor-icon-list-text\">Erfahrenes und \u00e4sthetisch orientiertes Zahnarztteam<\/span>\n\t\t\t\t\t\t\t\t\t<\/li>\n\t\t\t\t\t\t\t\t<li class=\"elementor-icon-list-item\">\n\t\t\t\t\t\t\t\t\t\t\t<span class=\"elementor-icon-list-icon\">\n\t\t\t\t\t\t\t<i aria-hidden=\"true\" class=\"fas fa-check-circle\"><\/i>\t\t\t\t\t\t<\/span>\n\t\t\t\t\t\t\t\t\t\t<span class=\"elementor-icon-list-text\">Digitale Mess- und Planungstechnologien<\/span>\n\t\t\t\t\t\t\t\t\t<\/li>\n\t\t\t\t\t\t\t\t<li class=\"elementor-icon-list-item\">\n\t\t\t\t\t\t\t\t\t\t\t<span class=\"elementor-icon-list-icon\">\n\t\t\t\t\t\t\t<i aria-hidden=\"true\" class=\"fas fa-check-circle\"><\/i>\t\t\t\t\t\t<\/span>\n\t\t\t\t\t\t\t\t\t\t<span class=\"elementor-icon-list-text\">Hohe Patientenzufriedenheit und nat\u00fcrliche Ergebnisse<\/span>\n\t\t\t\t\t\t\t\t\t<\/li>\n\t\t\t\t\t\t\t\t<li class=\"elementor-icon-list-item\">\n\t\t\t\t\t\t\t\t\t\t\t<span class=\"elementor-icon-list-icon\">\n\t\t\t\t\t\t\t<i aria-hidden=\"true\" class=\"fas fa-check-circle\"><\/i>\t\t\t\t\t\t<\/span>\n\t\t\t\t\t\t\t\t\t\t<span class=\"elementor-icon-list-text\">Eine moderne Klinikumgebung in zentraler Lage in Bursa<\/span>\n\t\t\t\t\t\t\t\t\t<\/li>\n\t\t\t\t\t\t<\/ul>\n\t\t\t\t\t\t<\/div>\n\t\t\t\t<\/div>\n\t\t\t\t<\/div>\n\t\t\t\t\t<\/div>\n\t\t\t\t<\/div>\n\t\t\t\t<\/div>","protected":false},"excerpt":{"rendered":"<p>Weisheitszahnentfernung Di\u011fer Tedavilerimiz G\u00fcl\u00fc\u015f Tasar\u0131m\u0131 Porselen Lamina Di\u015f \u00c7ocuk Di\u015f Kanal Tedavisi [&hellip;]<\/p>","protected":false},"author":1,"featured_media":0,"parent":13251,"menu_order":0,"comment_status":"closed","ping_status":"closed","template":"elementor_header_footer","meta":{"inline_featured_image":false,"footnotes":""},"class_list":["post-13293","page","type-page","status-publish","hentry"],"_links":{"self":[{"href":"https:\/\/santralclinic.com\/de\/wp-json\/wp\/v2\/pages\/13293","targetHints":{"allow":["GET"]}}],"collection":[{"href":"https:\/\/santralclinic.com\/de\/wp-json\/wp\/v2\/pages"}],"about":[{"href":"https:\/\/santralclinic.com\/de\/wp-json\/wp\/v2\/types\/page"}],"author":[{"embeddable":true,"href":"https:\/\/santralclinic.com\/de\/wp-json\/wp\/v2\/users\/1"}],"replies":[{"embeddable":true,"href":"https:\/\/santralclinic.com\/de\/wp-json\/wp\/v2\/comments?post=13293"}],"version-history":[{"count":1,"href":"https:\/\/santralclinic.com\/de\/wp-json\/wp\/v2\/pages\/13293\/revisions"}],"predecessor-version":[{"id":13294,"href":"https:\/\/santralclinic.com\/de\/wp-json\/wp\/v2\/pages\/13293\/revisions\/13294"}],"up":[{"embeddable":true,"href":"https:\/\/santralclinic.com\/de\/wp-json\/wp\/v2\/pages\/13251"}],"wp:attachment":[{"href":"https:\/\/santralclinic.com\/de\/wp-json\/wp\/v2\/media?parent=13293"}],"curies":[{"name":"wp","href":"https:\/\/api.w.org\/{rel}","templated":true}]}}